{"id":2231,"date":"2023-02-24T23:53:06","date_gmt":"2023-02-24T22:53:06","guid":{"rendered":"http:\/\/work.economic-literacy.eu\/resilience-as-a-key-to-cope-with-turbulent-changes\/"},"modified":"2024-03-18T21:37:52","modified_gmt":"2024-03-18T20:37:52","slug":"resilience-as-a-key-to-cope-with-turbulent-changes","status":"publish","type":"page","link":"http:\/\/work.economic-literacy.eu\/pl\/resilience-as-a-key-to-cope-with-turbulent-changes\/","title":{"rendered":"Czy odporno\u015b\u0107 jest kluczem do radzenia sobie z burzliwymi zmianami?"},"content":{"rendered":"\n<p>Odporno\u015b\u0107 jest koncepcj\u0105 stosowan\u0105 w wielu r\u00f3\u017cnych dyscyplinach, w tym psychologii, ekonomii, ekologii, zdrowiu, socjologii lub in\u017cynierii. Istnieje wiele zasob\u00f3w, takich jak czasopisma akademickie, polityka mi\u0119dzynarodowa, dyskursy, badania naukowe, a tak\u017ce ksi\u0105\u017cki do samodzielnej nauki, kt\u00f3re traktuj\u0105 o odporno\u015bci i doceniaj\u0105 jej rosn\u0105ce znaczenie.\u00a0<\/p>\n\n\n\n<p>Poj\u0119cie odporno\u015bci jest r\u00f3wnie\u017c coraz cz\u0119\u015bciej wymieniane w kontek\u015bcie zmian na rynku pracy, zachodz\u0105cych wok\u00f3\u0142 nas i nieuniknionych. \u015awiatowa pandemia COVID-19 wywo\u0142a\u0142a szereg niepewno\u015bci, z kt\u00f3rymi ka\u017cdy z nas musi sobie poradzi\u0107. Podczas gdy tworzenie nowych miejsc pracy ulega spowolnieniu, likwidacja miejsc pracy nabiera tempa. Zgodnie z <em>Future of Jobs Report 2020<\/em> przeprowadzonym przez \u015awiatowe Forum Ekonomiczne, opublikowanym w pa\u017adzierniku 2020 r., do 2025 r. 85 mln miejsc pracy mo\u017ce zosta\u0107 zlikwidowanych w wyniku zmiany podzia\u0142u pracy mi\u0119dzy lud\u017ami a maszynami. Perspektywa ta wymusza na nas elastyczne dostosowywanie si\u0119 do zmian i ich akceptacj\u0119. A odporno\u015b\u0107 mo\u017ce nam jak najbardziej pom\u00f3c w tym zakresie. Aby lepiej zrozumie\u0107 koncepcj\u0119 i znaczenie odporno\u015bci, przyjrzyjmy si\u0119 bli\u017cej, w jaki spos\u00f3b jest ona postrzegana w r\u00f3\u017cnych dyscyplinach<\/p>\n\n\n\n<p><strong>R\u00f3\u017cne koncepcje odporno\u015bci<\/strong><\/p>\n\n\n\n<ol class=\"wp-block-list\">\n<li><strong>Odporno\u015b\u0107 psychologiczna<\/strong>: w psychologii odporno\u015b\u0107 rozumie si\u0119 jako zdolno\u015b\u0107 do przystosowania si\u0119 do przeciwno\u015bci, traumy lub stresu i radzenia sobie z nimi w zdrowy i wydajny spos\u00f3b.<\/li>\n\n\n\n<li><strong>Odporno\u015b\u0107 fizyczna<\/strong>: zdolno\u015b\u0107 cia\u0142a ludzkiego do wytrzymania stresu fizycznego, takiego jak choroba lub uraz.<\/li>\n\n\n\n<li><strong>Odporno\u015b\u0107 gospodarcza<\/strong>: zdolno\u015b\u0107 systemu lub organizacji do przetrwania wstrz\u0105s\u00f3w gospodarczych, takich jak recesja lub zmienno\u015b\u0107 rynku, i przezwyci\u0119\u017cania ich skutk\u00f3w.<\/li>\n\n\n\n<li><strong>Odporno\u015b\u0107 wsp\u00f3lnoty<\/strong>: zdolno\u015b\u0107 spo\u0142eczno\u015bci do przystosowania si\u0119 do zdarze\u0144 destrukcyjnych, takich jak kl\u0119ski \u017cywio\u0142owe lub pogorszenie koniunktury gospodarczej, i przezwyci\u0119\u017cania ich skutk\u00f3w.<\/li>\n\n\n\n<li><strong>Odporno\u015b\u0107 ekologiczna<\/strong>: zdolno\u015b\u0107 ekosystemu do odbudowy po katastrofach lub czynnikach stresogennych, takich jak zmiana klimatu lub wylesianie.<\/li>\n<\/ol>\n\n\n\n<p>Jak wida\u0107, wszystkie te koncepcje maj\u0105 jedn\u0105 wsp\u00f3ln\u0105 cech\u0119. To <em>zdolno\u015b\u0107 adaptacji, radzenia sobie ze zmianami, stawiania im oporu lub przezwyci\u0119\u017cania ich skutk\u00f3w, kt\u00f3rych nie mo\u017cna w pe\u0142ni kontrolowa\u0107<\/em>. Umiej\u0119tno\u015b\u0107 ta zyska na znaczeniu, gdy\u017c tempo niekontrolowanych zmian, kt\u00f3re zachodz\u0105 wok\u00f3\u0142 nas, b\u0119dzie nadal ros\u0142o.<\/p>\n\n\n\n<p><strong>Z jakimi czynnikami stresogennymi najcz\u0119\u015bciej mamy do czynienia w codziennym \u017cyciu zawodowym?<\/strong><\/p>\n\n\n\n<p>Szybko post\u0119puj\u0105ce zmiany zachodz\u0105ce w naszym \u015brodowisku wywieraj\u0105 na nas coraz wi\u0119ksz\u0105 presj\u0119. W zwi\u0105zku z tym coraz wi\u0119ksz\u0105 uwag\u0119 zwraca si\u0119 na umiej\u0119tno\u015b\u0107 radzenia sobie z t\u0105 presj\u0105 i budowanie naszej odporno\u015bci. Wed\u0142ug badania przeprowadzonego przez <em>Deloitte Global 2022 Gen Z i Millennial Survey,<\/em> 46&nbsp;% przedstawicieli Pokolenia Z i 38&nbsp;% Milennials\u00f3w zg\u0142osi\u0142o towarzysz\u0105ce im przez ca\u0142y czas uczucie stresu. Poziom stresu i l\u0119ku jest wy\u017cszy w\u015br\u00f3d kobiet \u2013 53&nbsp;% kobiet i 39&nbsp;% m\u0119\u017cczyzn z Pokolenia Z oraz 41&nbsp;% kobiet i 36&nbsp;% m\u0119\u017cczyzn w\u015br\u00f3d Milenials\u00f3w do\u015bwiadcza wysokiego poziomu stresu. W ostatnich latach (2020\u20132022) poziomy te utrzymywa\u0142y si\u0119 na stosunkowo sta\u0142ym poziomie. G\u0142\u00f3wne czynniki przyczyniaj\u0105ce si\u0119 do stresu to: d\u0142ugoterminowa sytuacja finansowa, bie\u017c\u0105ce wydatki, zdrowie i kondycja cz\u0142onk\u00f3w rodziny, obawy zwi\u0105zane ze zdrowiem psychicznym oraz relacje rodzinne i osobiste.<\/p>\n\n\n\n<p>Ponadto 46&nbsp;% przedstawicieli Pokolenia Z i 45&nbsp;% Milenials\u00f3w zg\u0142osi\u0142o zjawisko wypalenia zawodowego ze wzgl\u0119du na intensywny i wymagaj\u0105cy charakter ich pracy. Ponad dwie pi\u0105te respondent\u00f3w stwierdzi\u0142o r\u00f3wnie\u017c, \u017ce cz\u0119\u015b\u0107 ich wsp\u00f3\u0142pracownik\u00f3w zrezygnowa\u0142a niedawno z pracy z powodu wypalenia zawodowego. Chocia\u017c oba pokolenia przyzna\u0142y, \u017ce ich organizacje w du\u017cym stopniu staraj\u0105 si\u0119 dba\u0107 o zdrowie psychiczne, nie zawsze widoczne s\u0105 namacalne, pozytywne zmiany. Wyniki te potwierdzaj\u0105, \u017ce budowanie naszej odporno\u015bci staje si\u0119 czym\u015b wi\u0119cej ni\u017c konieczno\u015bci\u0105 w celu zwi\u0119kszenia naszej zdolno\u015bci adaptacyjnej.<\/p>\n\n\n\n<p><strong>W jaki spos\u00f3b mo\u017cemy rozwija\u0107 odporno\u015b\u0107, aby lepiej przygotowa\u0107 si\u0119 na zmiany?<\/strong><\/p>\n\n\n\n<p>Odporno\u015b\u0107 mo\u017ce by\u0107 du\u017cym atutem na rynku pracy pod wieloma wzgl\u0119dami. Po pierwsze, mo\u017ce nam pom\u00f3c w radzeniu sobie z wyzwaniami i problemami, cz\u0119sto pojawiaj\u0105cymi si\u0119 w miejscu pracy. Pracownicy wykazuj\u0105cy si\u0119 odporno\u015bci\u0105 s\u0105 lepiej przygotowani do dostosowania si\u0119 do tych sytuacji, do utrzymania swojej motywacji i wydajno\u015bci.&nbsp;<\/p>\n\n\n\n<p>Wed\u0142ug Rob Cross (Harward BUSINESS REVIEW, 2021) najwi\u0119ksze istniej\u0105ce \u017ar\u00f3d\u0142a odporno\u015bci to:<\/p>\n\n\n\n<ul class=\"wp-block-list\">\n<li><strong>Empatia <\/strong>\u2013 zapewnia uczucie wsp\u00f3\u0142odczuwania, s\u0142u\u017c\u0105ce uwolnieniu negatywnych emocji;<\/li>\n\n\n\n<li><strong>Nag\u0142y przyp\u0142yw energii<\/strong> \u2013 umo\u017cliwia nam zmian\u0119 pracy lub radzenie sobie z wyzwaniami;<\/li>\n\n\n\n<li><strong>Polityka<\/strong> \u2013 pomaga nam zrozumie\u0107 ludzi sprawuj\u0105cych w\u0142adz\u0119 w danej sytuacji;<\/li>\n\n\n\n<li><strong>Powr\u00f3t do formy<\/strong> \u2013 umo\u017cliwia nam odzyskanie wiar\u0119 w siebie i s\u0142uszno\u015b\u0107 naszych dzia\u0142a\u0144;<\/li>\n\n\n\n<li><strong>Wizja<\/strong> \u2013 pomaga widzie\u0107 to, co przed nami;<\/li>\n\n\n\n<li><strong>Perspektywa<\/strong> \u2013 pomaga nam zachowa\u0107 dystans w przypadku wyst\u0105pienia problem\u00f3w;<\/li>\n\n\n\n<li><strong>Cel<\/strong> \u2013 przypomina nam o misji lub znaczeniu naszej pracy;<\/li>\n\n\n\n<li><strong>Humor<\/strong> \u2013pomaga nam potraktowa\u0107 z przymru\u017ceniem oka siebie i ca\u0142\u0105 sytuacj\u0119.<\/li>\n<\/ul>\n\n\n\n<p>W zwi\u0105zku z powy\u017cszym, opracowuj\u0105c te \u017ar\u00f3d\u0142a, b\u0119dziemy r\u00f3wnie\u017c budowa\u0107 nasz\u0105 odporno\u015b\u0107 i dobrostan psychiczny w celu wykorzystania mo\u017cliwo\u015bci rozwoju i naszego potencja\u0142u.&nbsp;<\/p>\n\n\n\n<p>Budowanie odporno\u015bci to nie tylko zadanie indywidualne, ale r\u00f3wnie\u017c wsp\u00f3lna odpowiedzialno\u015b\u0107. Pracodawcy i decydenci mog\u0105 r\u00f3wnie\u017c znacz\u0105co wp\u0142ywa\u0107 na \u015brodowisko pracy w celu zwi\u0119kszenia odporno\u015bci. W badaniu Deloitte przedstawiono szereg wniosk\u00f3w dla kadry zarz\u0105dzaj\u0105cej, w tym:<\/p>\n\n\n\n<ul class=\"wp-block-list\">\n<li>wspieranie os\u00f3b fizycznych zmagaj\u0105cych si\u0119 z niepewn\u0105 sytuacj\u0105 ekonomiczn\u0105 i wahaniami finansowymi,<\/li>\n\n\n\n<li>wzmocnienie innych w celu umo\u017cliwienia im wprowadzenia i nap\u0119dzania zmian<\/li>\n\n\n\n<li>wdra\u017canie strategii pracy hybrydowej,&nbsp;<\/li>\n\n\n\n<li>priorytetowe traktowanie dzia\u0142a\u0144 z dziedziny klimatu,<\/li>\n\n\n\n<li>wspieranie lepszej kondycji zdrowia psychicznego w miejscu pracy poprzez zapewnienie \u015brodk\u00f3w, doradztwa lub terapii.<\/li>\n<\/ul>\n\n\n\n<p><strong>Odniesienia:<\/strong><\/p>\n\n\n\n<p>WORLD ECONOMIC FORUM. The Future of Jobs Report 2020. October 2020. Dost\u0119pne pod adresem:<a href=\"https:\/\/www.weforum.org\/reports\/the-future-of-jobs-report-2020\/\"> https:\/\/www.weforum.org\/reports\/the-future-of-jobs-report-2020\/<\/a><\/p>\n\n\n\n<p>DELOITTE. The Deloitte Global 2022 Gen Z and Millennial Survey (Deloitte, 2022). Dost\u0119pne pod adresem:<a href=\"https:\/\/www2.deloitte.com\/content\/dam\/Deloitte\/global\/Documents\/deloitte-2022-genz-millennial-survey.pdf\"> https:\/\/www2.deloitte.com\/content\/dam\/Deloitte\/global\/Documents\/deloitte-2022-genz-millennial-survey.pdf<\/a><\/p>\n\n\n\n<p>CROSS, R. et all. The Secret to Building Resilience (HARWARD BUSINESS REVIEW, 2021). Dostepne pod adresem: https:\/\/hbr.org\/2021\/01\/the-secret-to-building-resilience<\/p>\n\n\n\n<p><strong>Autor:<\/strong> Zdenka Havrlikova, AVITEUM, Prague \/ Czech Republic<\/p>\n\n\n\n<figure class=\"wp-block-image is-resized\"><img fetchpriority=\"high\" decoding=\"async\" width=\"639\" height=\"225\" src=\"http:\/\/work.economic-literacy.eu\/wp-content\/uploads\/CC-OER-2.png\" alt=\"\" class=\"wp-image-860\" style=\"width:184px;height:65px\" srcset=\"http:\/\/work.economic-literacy.eu\/wp-content\/uploads\/CC-OER-2.png 639w, http:\/\/work.economic-literacy.eu\/wp-content\/uploads\/CC-OER-2-300x106.png 300w\" sizes=\"(max-width: 639px) 100vw, 639px\" \/><\/figure>\n\n\n\n<p>Niniejszy tekst zosta\u0142 opublikowany na warunkach licencji Creative Commons: CC BY-SA 2.0. Imi\u0119 i nazwisko autora jest nast\u0119puj\u0105ce: CC BY-SA 2.0, Autor: Sophia Bickhardt, \u017ar\u00f3d\u0142o finansowania: Program Unii Europejskiej Erasmus+ na rzecz Edukacji Doros\u0142ych. Tekst i materia\u0142y mog\u0105 by\u0107 powielane, rozpowszechniane, publicznie udost\u0119pniane, udost\u0119pniane i dostosowywane pod nast\u0119puj\u0105cymi warunkami: W ka\u017cdym przypadku nale\u017cy opublikowa\u0107 nazwisko autora, licencj\u0119, jak r\u00f3wnie\u017c adres strony internetowej oryginalnego \u017ar\u00f3d\u0142a.<\/p>\n\n\n\n<p><em>Wsparcie Komisji Europejskiej dla powstania niniejszej publikacji nie stanowi aprobaty dla jej tre\u015bci, kt\u00f3ra odzwierciedla jedynie pogl\u0105dy autor\u00f3w, a Komisja Europejska nie ponosi odpowiedzialno\u015bci za jakiekolwiek wykorzystanie informacji w niej zawartych.<\/em><\/p>\n","protected":false},"excerpt":{"rendered":"<p>Odporno\u015b\u0107 jest koncepcj\u0105 stosowan\u0105 w wielu r\u00f3\u017cnych dyscyplinach, w tym psychologii, ekonomii, ekologii, zdrowiu, socjologii lub in\u017cynierii. Istnieje wiele zasob\u00f3w, takich jak czasopisma akademickie, polityka mi\u0119dzynarodowa, dyskursy, badania naukowe, a tak\u017ce ksi\u0105\u017cki do samodzielnej nauki, kt\u00f3re traktuj\u0105 o odporno\u015bci i doceniaj\u0105 jej rosn\u0105ce znaczenie.\u00a0 Poj\u0119cie odporno\u015bci jest r\u00f3wnie\u017c coraz cz\u0119\u015bciej wymieniane w kontek\u015bcie zmian na &hellip;<\/p>\n<p class=\"read-more\"> <a class=\"\" href=\"http:\/\/work.economic-literacy.eu\/pl\/resilience-as-a-key-to-cope-with-turbulent-changes\/\"> <span class=\"screen-reader-text\">Czy odporno\u015b\u0107 jest kluczem do radzenia sobie z burzliwymi zmianami?<\/span> Read More &raquo;<\/a><\/p>\n","protected":false},"author":1,"featured_media":1219,"parent":0,"menu_order":0,"comment_status":"closed","ping_status":"closed","template":"","meta":{"site-sidebar-layout":"default","site-content-layout":"","ast-site-content-layout":"","site-content-style":"default","site-sidebar-style":"default","ast-global-header-display":"","ast-banner-title-visibility":"","ast-main-header-display":"","ast-hfb-above-header-display":"","ast-hfb-below-header-display":"","ast-hfb-mobile-header-display":"","site-post-title":"","ast-breadcrumbs-content":"","ast-featured-img":"","footer-sml-layout":"","theme-transparent-header-meta":"","adv-header-id-meta":"","stick-header-meta":"","header-above-stick-meta":"","header-main-stick-meta":"","header-below-stick-meta":"","astra-migrate-meta-layouts":"set","ast-page-background-enabled":"default","ast-page-background-meta":{"desktop":{"background-color":"","background-image":"","background-repeat":"repeat","background-position":"center center","background-size":"auto","background-attachment":"scroll","background-type":"","background-media":"","overlay-type":"","overlay-color":"","overlay-gradient":""},"tablet":{"background-color":"","background-image":"","background-repeat":"repeat","background-position":"center center","background-size":"auto","background-attachment":"scroll","background-type":"","background-media":"","overlay-type":"","overlay-color":"","overlay-gradient":""},"mobile":{"background-color":"","background-image":"","background-repeat":"repeat","background-position":"center center","background-size":"auto","background-attachment":"scroll","background-type":"","background-media":"","overlay-type":"","overlay-color":"","overlay-gradient":""}},"ast-content-background-meta":{"desktop":{"background-color":"var(--ast-global-color-5)","background-image":"","background-repeat":"repeat","background-position":"center center","background-size":"auto","background-attachment":"scroll","background-type":"","background-media":"","overlay-type":"","overlay-color":"","overlay-gradient":""},"tablet":{"background-color":"var(--ast-global-color-5)","background-image":"","background-repeat":"repeat","background-position":"center center","background-size":"auto","background-attachment":"scroll","background-type":"","background-media":"","overlay-type":"","overlay-color":"","overlay-gradient":""},"mobile":{"background-color":"var(--ast-global-color-5)","background-image":"","background-repeat":"repeat","background-position":"center center","background-size":"auto","background-attachment":"scroll","background-type":"","background-media":"","overlay-type":"","overlay-color":"","overlay-gradient":""}},"footnotes":""},"class_list":["post-2231","page","type-page","status-publish","has-post-thumbnail","hentry"],"_links":{"self":[{"href":"http:\/\/work.economic-literacy.eu\/pl\/wp-json\/wp\/v2\/pages\/2231","targetHints":{"allow":["GET"]}}],"collection":[{"href":"http:\/\/work.economic-literacy.eu\/pl\/wp-json\/wp\/v2\/pages"}],"about":[{"href":"http:\/\/work.economic-literacy.eu\/pl\/wp-json\/wp\/v2\/types\/page"}],"author":[{"embeddable":true,"href":"http:\/\/work.economic-literacy.eu\/pl\/wp-json\/wp\/v2\/users\/1"}],"replies":[{"embeddable":true,"href":"http:\/\/work.economic-literacy.eu\/pl\/wp-json\/wp\/v2\/comments?post=2231"}],"version-history":[{"count":2,"href":"http:\/\/work.economic-literacy.eu\/pl\/wp-json\/wp\/v2\/pages\/2231\/revisions"}],"predecessor-version":[{"id":2236,"href":"http:\/\/work.economic-literacy.eu\/pl\/wp-json\/wp\/v2\/pages\/2231\/revisions\/2236"}],"wp:featuredmedia":[{"embeddable":true,"href":"http:\/\/work.economic-literacy.eu\/pl\/wp-json\/wp\/v2\/media\/1219"}],"wp:attachment":[{"href":"http:\/\/work.economic-literacy.eu\/pl\/wp-json\/wp\/v2\/media?parent=2231"}],"curies":[{"name":"wp","href":"https:\/\/api.w.org\/{rel}","templated":true}]}}