{"id":2225,"date":"2023-02-24T23:33:24","date_gmt":"2023-02-24T22:33:24","guid":{"rendered":"http:\/\/work.economic-literacy.eu\/world-of-work-through-multigenerational-lens\/"},"modified":"2024-03-18T21:29:57","modified_gmt":"2024-03-18T20:29:57","slug":"world-of-work-through-multigenerational-lens","status":"publish","type":"page","link":"http:\/\/work.economic-literacy.eu\/pl\/world-of-work-through-multigenerational-lens\/","title":{"rendered":"\u015awiat pracy widziany z perspektywy wielopokoleniowej"},"content":{"rendered":"\n<p>Koncepcja rynku pracy widzianego z perspektywy wielopokoleniowej znana jest od dawna. Tradycyjny podzia\u0142 na pokolenia niekoniecznie musi odnosi\u0107 si\u0119 do wszystkich kontekst\u00f3w narodowych i kulturowych, warto mu jednak po\u015bwi\u0119ci\u0107 troch\u0119 uwagi, gdy\u017c m\u00f3wi on wiele o podej\u015bciu pracownik\u00f3w r\u00f3\u017cnych pokole\u0144 do wa\u017cnych aspekt\u00f3w wsp\u00f3\u0142pracy, np. o stosunku do warto\u015bci pracy, kultury danego zak\u0142adu pracy, stylu pracy, sposobu zarz\u0105dzania, stosunku do kadry zarz\u0105dzaj\u0105cej oraz wielu innych. Kwestia te b\u0119dzie stawa\u0107 si\u0119 coraz wa\u017cniejsza w \u015bwietle post\u0119puj\u0105cego zjawiska starzenia si\u0119 spo\u0142ecze\u0144stwa i przesuni\u0119cia wieku emerytalnego w wielu krajach europejskich. Wed\u0142ug Eurostatu liczba os\u00f3b starszych ulegnie gwa\u0142townemu wzrostowi w nadchodz\u0105cych dekadach. Z prognoz wynika, i\u017c do roku 2100\u00a031,3\u00a0% ludno\u015bci UE osi\u0105gnie wiek co najmniej 65 lat.<\/p>\n\n\n\n<p><strong>Charakterystyka poszczeg\u00f3lnych pokole\u0144&nbsp;<\/strong><\/p>\n\n\n\n<p>Istniej\u0105 r\u00f3\u017cne poj\u0119cia odnosz\u0105ce si\u0119 do pokole\u0144, jednak najcz\u0119\u015bciej stosowanym nazewnictwem jest to poni\u017csze:<\/p>\n\n\n\n<ul class=\"wp-block-list\">\n<li><strong>Tradycjonali\u015bci <\/strong>(urodzeni w latach 1928\u20131945)<\/li>\n\n\n\n<li><strong>Urodzeni w okresie wy\u017cu demograficznego (tzw. Baby Boomers) <\/strong>(w latach 1946\u20131964)<\/li>\n\n\n\n<li><strong>Pokolenie X<\/strong> (urodzone w latach 1965\u20131980)<\/li>\n\n\n\n<li><strong>Pokolenie Y <\/strong>lub <strong>Milenialsi (<\/strong> urodzone w latach 1981\u20131996)<\/li>\n\n\n\n<li><strong>Generacja Z<\/strong> (urodzona w latach 1997\u20132012)<\/li>\n\n\n\n<li><strong>Pokolenie Alpha<\/strong> (urodzone od roku 2010 r. do po\u0142owy lat 2020 r.)<\/li>\n<\/ul>\n\n\n\n<p>Ka\u017cde z tych pokole\u0144 narodzi\u0142o si\u0119 w innym okresie, ukszta\u0142towanym przez r\u00f3\u017cne zjawiska historyczne, kulturowe i technologiczne, i okres ten stanowi wa\u017cne t\u0142o dla ka\u017cdego pokolenia. Nale\u017cy jednak unika\u0107 stereotyp\u00f3w i do powy\u017cszego nazewnictwa odnosi\u0107 si\u0119 z odrobin\u0105 rezerwy. Perspektywa wielopokoleniowa mo\u017ce nam tak\u017ce przynie\u015b\u0107 wiele korzy\u015bci-pomo\u017ce lepiej zrozumie\u0107, w jaki spos\u00f3b tworzy\u0107 synergie mi\u0119dzy wsp\u00f3\u0142pracownikami w r\u00f3\u017cnym wieku i jak zmaksymalizowa\u0107 potencja\u0142 wsp\u00f3\u0142pracy wielopokoleniowej, przy jednoczesnym uwzgl\u0119dnieniu indywidualno\u015bci ka\u017cdego cz\u0142owieka.<\/p>\n\n\n\n<p><strong>Czy wiek jest wa\u017cnym czynnikiem wp\u0142ywaj\u0105cym na zachowanie w miejscu pracy?<\/strong><\/p>\n\n\n\n<p>Chocia\u017c powy\u017csze twierdzenie mo\u017ce sugerowa\u0107, i\u017c wiek jest istotnym czynnikiem przy okre\u015blaniu r\u00f3\u017cnic mi\u0119dzy pracownikami, wyniki wielu bada\u0144 wskazuj\u0105, i\u017c nie jest to do ko\u0144ca prawd\u0105. Przyjrzyjmy si\u0119 dw\u00f3m badaniom, z kt\u00f3rych wynika, \u017ce r\u00f3\u017cnice pokoleniowe nie powoduj\u0105 zasadniczych r\u00f3\u017cnic w sposobie zachowania pracownik\u00f3w.&nbsp;<\/p>\n\n\n\n<p>W 2014 r. zesp\u00f3\u0142 ameryka\u0144skich profesor\u00f3w podda\u0142 badaniu ponad 8000 pracownik\u00f3w z dw\u00f3ch organizacji. Weryfikowano hipotez\u0119, czy Pokolenie Urodzone w Okresie Wy\u017cu Demograficznego b\u0119dzie mniej sk\u0142onne do przemieszczania si\u0119 w celu podj\u0119cia pracy, ale bardziej dostosowuj\u0105ce si\u0119 do przepis\u00f3w i zarz\u0105dze\u0144 ni\u017c pokolenie X i Milenialsi, a Generacja X b\u0119dzie mniej sk\u0142onna do pozostania po godzinach pracy. Wyniki pokaza\u0142y, \u017ce r\u00f3\u017cnice mi\u0119dzy respondentami z r\u00f3\u017cnych pokole\u0144 by\u0142y znikome, a ich skutki nie by\u0142y tak znacz\u0105ce, jak oczekiwano.<\/p>\n\n\n\n<p>Kolejna metaanaliza mia\u0142a miejsce w 2012 r. Zesp\u00f3\u0142 badaczy por\u00f3wna\u0142 wyniki 20 bada\u0144, w kt\u00f3rych por\u00f3wnano zachowanie czterech pokole\u0144 (Tradycjonalist\u00f3w, Pokolenia Urodzonego w Okresie Wy\u017cu Demograficznego, Pokolenia X i Milenials\u00f3w) w\u015br\u00f3d prawie 20,000 respondent\u00f3w. Metaanaliza r\u00f3\u017cnic mi\u0119dzypokoleniowych opiera\u0142a si\u0119 na trzech kryteriach zwi\u0105zanych z prac\u0105: zadowolenia z pracy, zaanga\u017cowania w prac\u0119 i ch\u0119\u0107 do zmiany. Wyniki pokaza\u0142y, \u017ce zwi\u0105zek mi\u0119dzy perspektyw\u0105 pokoleniow\u0105 a wynikami zwi\u0105zanymi z prac\u0105 jest umiarkowany do niewielkiego, a w wielu przypadkach zasadniczo zerowy.<\/p>\n\n\n\n<p><strong>W jaki spos\u00f3b r\u00f3\u017cne pokolenia mog\u0105 si\u0119 wzajemnie wspiera\u0107?<\/strong><\/p>\n\n\n\n<p>Z wy\u017cej wymienionych bada\u0144 wynika, i\u017c wiek nie ma wielkiego wp\u0142ywu na wiele aspekt\u00f3w zachowa\u0144 w miejscu pracy. Inne badania pokazuj\u0105 jednak, i\u017c r\u00f3\u017cnice te s\u0105 widoczne w innych aspektach, np. podczas procesu uczenia si\u0119 oraz preferencji w sposobie przyswajania i przetwarzania nowych informacji.<\/p>\n\n\n\n<p>Interesuj\u0105ce spostrze\u017cenia przedstawiono w Workplace Learning Report opracowanym przez LinkedIn w 2021 r. w oparciu o dane przekazane przez ponad 5000 specjalist\u00f3w w dziedzinie L&amp;D (rozwijania umiej\u0119tno\u015bci zawodowych pracownik\u00f3w), os\u00f3b ucz\u0105cych si\u0119 i kadry kierowniczej z 27 kraj\u00f3w na ca\u0142ym \u015bwiecie. Wyniki pokazuj\u0105, i\u017c si\u0142\u0105 nap\u0119dow\u0105 je\u015bli chodzi o nabywanie nowych umiej\u0119tno\u015bci, jest pokolenie Z. Pokolenie Y jest natomiast bardziej \u015bwiadome faktu, i\u017c nowe umiej\u0119tno\u015bci maj\u0105 kluczowe znaczenie przy zmianie pozycji zawodowej. Nie dziwi fakt, i\u017c r\u00f3\u017cne pokolenia preferuj\u0105 r\u00f3\u017cne formy edukacji. Podczas gdy Generacja Z poszukuje przede wszystkim formularza online, preferowanie bezpo\u015bredniej, tradycyjnej formy edukacji wzrasta wraz z wiekiem. Tu prze\u0142omem by\u0142a pandemia, stawiaj\u0105ca na pierwszym miejscu edukacj\u0119 online, a w wielu przypadkach jak wiemy by\u0142a to jedyna mo\u017cliwa forma kszta\u0142cenia ustawicznego.<\/p>\n\n\n\n<p>Pomimo wszystkich r\u00f3\u017cnic, kluczowe znaczenie ma zaakceptowanie i wykorzystanie r\u00f3\u017cnorodno\u015bci wielopokoleniowej do budowania lepszej wsp\u00f3\u0142pracy zespo\u0142owej. Nale\u017cy pami\u0119ta\u0107, \u017ce to nie wiek jest problemem, a raczej nale\u017cy dostosowa\u0107 wsp\u00f3\u0142prac\u0119 do specyfiki i preferencji zwi\u0105zanych z wiekiem, niezale\u017cnie od tego, czy dotyczy to wykorzystywanej formy komunikacji, program\u00f3w adaptacyjnych i rozwojowych czy narz\u0119dzi motywacyjnych.<\/p>\n\n\n\n<p><strong>Odniesienia:<\/strong><\/p>\n\n\n\n<p>EUROSTAT. Population structure and ageing. February 2022. Dost\u0119pne pod adresem:<a href=\"https:\/\/ec.europa.eu\/eurostat\/statistics-explained\/index.php?title=Population_structure_and_ageing\"> https:\/\/ec.europa.eu\/eurostat\/statistics-explained\/index.php?title=Population_structure_and_ageing<\/a><\/p>\n\n\n\n<p>BECTON JOHN BRET at all. Generational differences in workplace behavior. Journal of Applied Social Psychology 2014, 44, pp 175-189. Dost\u0119pne pod adresem:<a href=\"https:\/\/www.researchgate.net\/publication\/264580977_Generational_differences_in_workplace_behavior\"> https:\/\/www.researchgate.net\/publication\/264580977_Generational_differences_in_workplace_behavior<\/a><\/p>\n\n\n\n<p>COSTANZA DAVID P. et al. Generational Differences in Work-Related Attitudes: A Meta-analysis. J Bus Psychol 27, 375\u2013394 (2012). Dost\u0119pne pod adresem: https:\/\/doi.org\/10.1007\/s10869-012-9259-4<\/p>\n\n\n\n<p>LinkedIn Learning: Workplace Learning Report 2021. Skill Building in the New World of Work. Dost\u0119pne pod adresem:<a href=\"https:\/\/learning.linkedin.com\/content\/dam\/me\/business\/en-us\/amp\/learning-solutions\/images\/wlr21\/pdf\/LinkedIn-Learning_Workplace-Learning-Report-2021-EN-1.pdf\"> https:\/\/learning.linkedin.com\/content\/dam\/me\/business\/en-us\/amp\/learning-solutions\/images\/wlr21\/pdf\/LinkedIn-Learning_Workplace-Learning-Report-2021-EN-1.pdf<\/a><\/p>\n\n\n\n<p><strong>Autor:<\/strong> Zdenka Havrlikova, AVITEUM, Prague \/ Czech Republic<\/p>\n\n\n\n<figure class=\"wp-block-image is-resized\"><img fetchpriority=\"high\" decoding=\"async\" width=\"639\" height=\"225\" src=\"http:\/\/work.economic-literacy.eu\/wp-content\/uploads\/CC-OER-2.png\" alt=\"\" class=\"wp-image-860\" style=\"width:143px;height:50px\" srcset=\"http:\/\/work.economic-literacy.eu\/wp-content\/uploads\/CC-OER-2.png 639w, http:\/\/work.economic-literacy.eu\/wp-content\/uploads\/CC-OER-2-300x106.png 300w\" sizes=\"(max-width: 639px) 100vw, 639px\" \/><\/figure>\n\n\n\n<p>Niniejszy tekst zosta\u0142 opublikowany na warunkach licencji Creative Commons: CC BY-SA 2.0. Imi\u0119 i nazwisko autora jest nast\u0119puj\u0105ce: CC BY-SA 2.0, Autor: Zdenka Havrlikova, \u017ar\u00f3d\u0142o finansowania: Program Unii Europejskiej Erasmus+ na rzecz Edukacji Doros\u0142ych. Tekst i materia\u0142y mog\u0105 by\u0107 powielane, rozpowszechniane, publicznie udost\u0119pniane, udost\u0119pniane i dostosowywane pod nast\u0119puj\u0105cymi warunkami: W ka\u017cdym przypadku nale\u017cy opublikowa\u0107 nazwisko autora, licencj\u0119, a tak\u017ce adres strony internetowej oryginalnego \u017ar\u00f3d\u0142a.<\/p>\n\n\n\n<p><em>Wsparcie Komisji Europejskiej dla powstania niniejszej publikacji nie stanowi aprobaty dla jej tre\u015bci, kt\u00f3ra odzwierciedla jedynie pogl\u0105dy autor\u00f3w, a Komisja Europejska nie ponosi odpowiedzialno\u015bci za jakiekolwiek wykorzystanie informacji w niej zawartych.<\/em><\/p>\n","protected":false},"excerpt":{"rendered":"<p>Koncepcja rynku pracy widzianego z perspektywy wielopokoleniowej znana jest od dawna. Tradycyjny podzia\u0142 na pokolenia niekoniecznie musi odnosi\u0107 si\u0119 do wszystkich kontekst\u00f3w narodowych i kulturowych, warto mu jednak po\u015bwi\u0119ci\u0107 troch\u0119 uwagi, gdy\u017c m\u00f3wi on wiele o podej\u015bciu pracownik\u00f3w r\u00f3\u017cnych pokole\u0144 do wa\u017cnych aspekt\u00f3w wsp\u00f3\u0142pracy, np. o stosunku do warto\u015bci pracy, kultury danego zak\u0142adu pracy, stylu &hellip;<\/p>\n<p class=\"read-more\"> <a class=\"\" href=\"http:\/\/work.economic-literacy.eu\/pl\/world-of-work-through-multigenerational-lens\/\"> <span class=\"screen-reader-text\">\u015awiat pracy widziany z perspektywy wielopokoleniowej<\/span> Read More &raquo;<\/a><\/p>\n","protected":false},"author":1,"featured_media":1216,"parent":0,"menu_order":0,"comment_status":"closed","ping_status":"closed","template":"","meta":{"site-sidebar-layout":"default","site-content-layout":"","ast-site-content-layout":"","site-content-style":"default","site-sidebar-style":"default","ast-global-header-display":"","ast-banner-title-visibility":"","ast-main-header-display":"","ast-hfb-above-header-display":"","ast-hfb-below-header-display":"","ast-hfb-mobile-header-display":"","site-post-title":"","ast-breadcrumbs-content":"","ast-featured-img":"","footer-sml-layout":"","theme-transparent-header-meta":"","adv-header-id-meta":"","stick-header-meta":"","header-above-stick-meta":"","header-main-stick-meta":"","header-below-stick-meta":"","astra-migrate-meta-layouts":"set","ast-page-background-enabled":"default","ast-page-background-meta":{"desktop":{"background-color":"","background-image":"","background-repeat":"repeat","background-position":"center center","background-size":"auto","background-attachment":"scroll","background-type":"","background-media":"","overlay-type":"","overlay-color":"","overlay-gradient":""},"tablet":{"background-color":"","background-image":"","background-repeat":"repeat","background-position":"center center","background-size":"auto","background-attachment":"scroll","background-type":"","background-media":"","overlay-type":"","overlay-color":"","overlay-gradient":""},"mobile":{"background-color":"","background-image":"","background-repeat":"repeat","background-position":"center center","background-size":"auto","background-attachment":"scroll","background-type":"","background-media":"","overlay-type":"","overlay-color":"","overlay-gradient":""}},"ast-content-background-meta":{"desktop":{"background-color":"var(--ast-global-color-5)","background-image":"","background-repeat":"repeat","background-position":"center center","background-size":"auto","background-attachment":"scroll","background-type":"","background-media":"","overlay-type":"","overlay-color":"","overlay-gradient":""},"tablet":{"background-color":"var(--ast-global-color-5)","background-image":"","background-repeat":"repeat","background-position":"center center","background-size":"auto","background-attachment":"scroll","background-type":"","background-media":"","overlay-type":"","overlay-color":"","overlay-gradient":""},"mobile":{"background-color":"var(--ast-global-color-5)","background-image":"","background-repeat":"repeat","background-position":"center center","background-size":"auto","background-attachment":"scroll","background-type":"","background-media":"","overlay-type":"","overlay-color":"","overlay-gradient":""}},"footnotes":""},"class_list":["post-2225","page","type-page","status-publish","has-post-thumbnail","hentry"],"_links":{"self":[{"href":"http:\/\/work.economic-literacy.eu\/pl\/wp-json\/wp\/v2\/pages\/2225","targetHints":{"allow":["GET"]}}],"collection":[{"href":"http:\/\/work.economic-literacy.eu\/pl\/wp-json\/wp\/v2\/pages"}],"about":[{"href":"http:\/\/work.economic-literacy.eu\/pl\/wp-json\/wp\/v2\/types\/page"}],"author":[{"embeddable":true,"href":"http:\/\/work.economic-literacy.eu\/pl\/wp-json\/wp\/v2\/users\/1"}],"replies":[{"embeddable":true,"href":"http:\/\/work.economic-literacy.eu\/pl\/wp-json\/wp\/v2\/comments?post=2225"}],"version-history":[{"count":2,"href":"http:\/\/work.economic-literacy.eu\/pl\/wp-json\/wp\/v2\/pages\/2225\/revisions"}],"predecessor-version":[{"id":2230,"href":"http:\/\/work.economic-literacy.eu\/pl\/wp-json\/wp\/v2\/pages\/2225\/revisions\/2230"}],"wp:featuredmedia":[{"embeddable":true,"href":"http:\/\/work.economic-literacy.eu\/pl\/wp-json\/wp\/v2\/media\/1216"}],"wp:attachment":[{"href":"http:\/\/work.economic-literacy.eu\/pl\/wp-json\/wp\/v2\/media?parent=2225"}],"curies":[{"name":"wp","href":"https:\/\/api.w.org\/{rel}","templated":true}]}}