{"id":2185,"date":"2023-01-15T18:01:38","date_gmt":"2023-01-15T17:01:38","guid":{"rendered":"http:\/\/work.economic-literacy.eu\/the-top-10-professions-of-the-future-in-the-european-union\/"},"modified":"2024-03-18T20:50:21","modified_gmt":"2024-03-18T19:50:21","slug":"the-top-10-professions-of-the-future-in-the-european-union","status":"publish","type":"page","link":"http:\/\/work.economic-literacy.eu\/pl\/the-top-10-professions-of-the-future-in-the-european-union\/","title":{"rendered":"Lista 10 najwa\u017cniejszych zawod\u00f3w przysz\u0142o\u015bci w Unii Europejskiej"},"content":{"rendered":"\t\t<div data-elementor-type=\"wp-page\" data-elementor-id=\"2185\" class=\"elementor elementor-2185 elementor-829 elementor-bc-flex-widget\">\n\t\t\t\t\t\t<section class=\"elementor-section elementor-top-section elementor-element elementor-element-2df7d6e7 elementor-section-boxed elementor-section-height-default elementor-section-height-default\" data-id=\"2df7d6e7\" data-element_type=\"section\">\n\t\t\t\t\t\t<div class=\"elementor-container elementor-column-gap-default\">\n\t\t\t\t\t<div class=\"elementor-column elementor-col-100 elementor-top-column elementor-element elementor-element-66a9b9ec\" data-id=\"66a9b9ec\" data-element_type=\"column\">\n\t\t\t<div class=\"elementor-widget-wrap elementor-element-populated\">\n\t\t\t\t\t\t<div class=\"elementor-element elementor-element-2cda5faf elementor-widget elementor-widget-text-editor\" data-id=\"2cda5faf\" data-element_type=\"widget\" data-widget_type=\"text-editor.default\">\n\t\t\t\t<div class=\"elementor-widget-container\">\n\t\t\t<style>\/*! elementor - v3.20.0 - 11-03-2024 *\/\n.elementor-widget-text-editor.elementor-drop-cap-view-stacked .elementor-drop-cap{background-color:#69727d;color:#fff}.elementor-widget-text-editor.elementor-drop-cap-view-framed .elementor-drop-cap{color:#69727d;border:3px solid;background-color:transparent}.elementor-widget-text-editor:not(.elementor-drop-cap-view-default) .elementor-drop-cap{margin-top:8px}.elementor-widget-text-editor:not(.elementor-drop-cap-view-default) .elementor-drop-cap-letter{width:1em;height:1em}.elementor-widget-text-editor .elementor-drop-cap{float:left;text-align:center;line-height:1;font-size:50px}.elementor-widget-text-editor .elementor-drop-cap-letter{display:inline-block}<\/style>\t\t\t\t<!-- wp:paragraph {\"fontSize\":\"medium\"} -->\n<p>\u00a0<strong>Specjalista ds. IT<\/strong><\/p>\n<!-- \/wp:paragraph --><!-- wp:paragraph -->\n<p>Zapotrzebowanie na specjalist\u00f3w w dziedzinie IT ju\u017c w obecnej chwili jest ogromne. Szybki rozw\u00f3j technologii oznacza, \u017ce w najbli\u017cszej przysz\u0142o\u015bci na rynku pojawi\u0105 si\u0119 zupe\u0142nie nowe miejsca pracy. Obecnie najbardziej dochodowe stanowiska w tej bran\u017cy to m.in. programi\u015bci Java, do\u015bwiadczeni programi\u015bci lub architekci IT. W nadchodz\u0105cych latach na znaczeniu zyskaj\u0105 stanowiska zwi\u0105zane z rozwojem gier i aplikacji komputerowych, tworzeniem rzeczywisto\u015bci wirtualnej lub rozwojem sztucznej inteligencji.<\/p>\n<!-- \/wp:paragraph --><!-- wp:paragraph -->\n<p><strong>Biotechnolog<\/strong><\/p>\n<!-- \/wp:paragraph --><!-- wp:paragraph -->\n<p>Rozw\u00f3j medycyny, farmakologii i ochrony \u015brodowiska generuje coraz wi\u0119cej miejsc pracy. Nale\u017cy r\u00f3wnie\u017c pami\u0119ta\u0107 o niewielkiej konkurencji w tym zawodzie, w zwi\u0105zku z czym wynagrodzenie powinno szybko wzrasta\u0107. Czym zajmuje si\u0119 biotechnolog? Opracowuje technologie wykorzystuj\u0105ce substancje organiczne w r\u00f3\u017cnych ga\u0142\u0119ziach przemys\u0142u.<\/p>\n<!-- \/wp:paragraph --><!-- wp:paragraph -->\n<p><strong>Logistyka<\/strong><\/p>\n<!-- \/wp:paragraph --><!-- wp:paragraph -->\n<p>Jest to ju\u017c jeden z najbardziej poszukiwanych zawod\u00f3w. Specjali\u015bci w dziedzinie logistyki s\u0105 potrzebni nie tylko w dziedzinie transportu, ale r\u00f3wnie\u017c w budownictwie, przemy\u015ble samochodowym, elektronicznym lub energetycznym. Logistyk znajdzie prac\u0119 wsz\u0119dzie tam, gdzie odbywa si\u0119 produkcja i sprzeda\u017c. Czym si\u0119 zajmuje? Przede wszystkim jest odpowiedzialny za planowanie i nadzorowanie procesu produkcji, transportu i dystrybucji towar\u00f3w.<\/p>\n<!-- \/wp:paragraph --><!-- wp:paragraph -->\n<p><strong>In\u017cynier elektrotechnik<\/strong><\/p>\n<!-- \/wp:paragraph --><!-- wp:paragraph -->\n<p>Zatrudnienie w tej grupie zawodowej wzro\u015bnie o 35\u00a0% w latach 2012\u20132022. In\u017cynier elektrotechnik mo\u017ce znale\u017a\u0107 zatrudnienie m.in. w dziedzinie elektrotechniki, elektroniki, system\u00f3w sterowania, telekomunikacji lub informatyki. \u015awietlana przysz\u0142o\u015b\u0107 tego zawodu jest nierozerwalnie zwi\u0105zana z szybkim rozwojem technologii i jej wszechstronno\u015bci\u0105.<\/p>\n<!-- \/wp:paragraph --><!-- wp:paragraph -->\n<p><strong>Lekarz\/pracownik s\u0142u\u017cby zdrowia<\/strong><\/p>\n<!-- \/wp:paragraph --><!-- wp:paragraph -->\n<p>W\u015br\u00f3d lekarzy lub piel\u0119gniarek stopa bezrobocia jest bardzo niska. Polacy s\u0105 coraz bardziej aktywni fizycznie i dbaj\u0105 o wygl\u0105d, tak wi\u0119c na znaczeniu zyskaj\u0105 takie zawody jak chirurg medycyny estetycznej lub fizjoterapeuta. Popularno\u015b\u0107 zyskuj\u0105 r\u00f3wnie\u017c us\u0142ugi psycholog\u00f3w i psychoterapeut\u00f3w. W najbli\u017cszej przysz\u0142o\u015bci mog\u0105 pojawi\u0107 si\u0119 nowe zawody, takie jak telechirurgia lub dotrzymywanie opieki osobom starszym.<\/p>\n<!-- \/wp:paragraph --><!-- wp:paragraph -->\n<p><strong>Trener\/Dietetyk \u2013<\/strong> <strong>specjalista od spraw \u017cywieniowych<\/strong><\/p>\n<!-- \/wp:paragraph --><!-- wp:paragraph -->\n<p>Coraz wi\u0119cej os\u00f3b uprawia sport, interesuje si\u0119 zdrowym stylem \u017cycia i zdrow\u0105 diet\u0105. Chcemy po prostu dobrze wygl\u0105da\u0107 i czu\u0107 si\u0119 coraz lepiej. Z czasem zawody indywidualnego trenera i dietetyka b\u0119d\u0105 ze sob\u0105 powi\u0105zane, w zwi\u0105zku z czym warto rozwija\u0107 si\u0119 jednocze\u015bnie w tych dw\u00f3ch dziedzinach. Pami\u0119tajmy r\u00f3wnie\u017c, \u017ce nasze spo\u0142ecze\u0144stwo starzeje si\u0119, w zwi\u0105zku z tym prawdopodobnie na rynku zaczn\u0105 pojawia\u0107 si\u0119 zawody takie jak trener os\u00f3b starszych.<\/p>\n<!-- \/wp:paragraph --><!-- wp:paragraph -->\n<p><strong>Specjalista ds. finansowych\/osobisty doradca ds. finans\u00f3w<\/strong><\/p>\n<!-- \/wp:paragraph --><!-- wp:paragraph -->\n<p>Wraz z rosn\u0105c\u0105 \u015bwiadomo\u015bci\u0105 finansow\u0105, a tak\u017ce obawami dotycz\u0105cymi obecnego systemu emerytalnego, ro\u015bnie popularno\u015b\u0107 r\u00f3\u017cnych rodzaj\u00f3w doradc\u00f3w finansowych (np. zwi\u0105zanych z\u00a0 emerytur\u0105, inwestycjami, podatkami, ubezpieczeniami). Wed\u0142ug prognoz w latach 2012\u20132022 popyt na pracownik\u00f3w w tej bran\u017cy wzro\u015bnie nawet o 43 proc.!<\/p>\n<!-- \/wp:paragraph --><!-- wp:paragraph -->\n<p><strong>Analityk du\u017cych zbior\u00f3w danych (Big Data)\/naukowiec ds. danych<\/strong><\/p>\n<!-- \/wp:paragraph --><!-- wp:paragraph -->\n<p>Harvard Business Review okre\u015bli\u0142 zaw\u00f3d analityka du\u017cych zbior\u00f3w danych \u201enajbardziej seksownym zawodem XXI wieku\u201d. Nic dziwnego \u2013 obecnie przedsi\u0119biorstwa gromadz\u0105 ogromne ilo\u015bci danych, kt\u00f3rych analiza ma cz\u0119sto kluczowe znaczenie dla rozwoju biznesu. Tak zwani naukowcy ds. danych powinni przede wszystkim posiada\u0107 wiedz\u0119 z dziedziny ekonomii, matematyki i statystyki. Ich praca polega na analizie danych i proponowaniu okre\u015blonych decyzji i rozwi\u0105za\u0144 na nich opartych.<\/p>\n<!-- \/wp:paragraph --><!-- wp:paragraph -->\n<p><strong>Grafik komputerowy<\/strong><\/p>\n<!-- \/wp:paragraph --><!-- wp:paragraph -->\n<p>W zawodzie tym najbardziej po\u017c\u0105dane b\u0119d\u0105 osoby niesamowicie kreatywne z uwagi na fakt, i\u017c to w\u0142a\u015bnie projekt strony internetowej lub ok\u0142adki ksi\u0105\u017cki mo\u017ce decydowa\u0107 o sukcesie lub niepowodzeniu sprzeda\u017cy. Na coraz bardziej konkurencyjnym rynku pracodawcy b\u0119d\u0105 szuka\u0107 os\u00f3b, kt\u00f3re mog\u0105 sprawi\u0107, \u017ce ich ksi\u0105\u017cki lub strony internetowe stan\u0105 si\u0119 rozpoznawalne. Dni, w kt\u00f3rych produkt musia\u0142 by\u0107 funkcjonalny, a nie atrakcyjny, przesz\u0142y ju\u017c do historii. Obecnie przedsi\u0119biorstwa pr\u00f3buj\u0105 przyci\u0105gn\u0105\u0107 uwag\u0119 klient\u00f3w w\u0142a\u015bnie za pomoc\u0105 grafiki.<\/p>\n<!-- \/wp:paragraph --><!-- wp:paragraph -->\n<p><strong>Pracownik naukowy<\/strong><\/p>\n<!-- \/wp:paragraph --><!-- wp:paragraph -->\n<p>Jest to kolejny zaw\u00f3d, kt\u00f3ry obecnie jest znacznie bardziej ceniony na Zachodzie. Polska wci\u0105\u017c pozostaje w tyle, ale szybki post\u0119p technologiczny sprawi, \u017ce pracownicy naukowi b\u0119d\u0105 mieli kluczowe znaczenie dla dalszego rozwoju. W przysz\u0142o\u015bci najbardziej poszukiwani b\u0119d\u0105 naukowcy w dziedzinach takich jak matematyka, chemia, fizyka czy in\u017cynieria. To dzi\u0119ki ich badaniom na rynku pojawi\u0105 si\u0119 nowe technologie i wynalazki, us\u0142ugi medyczne, leki lub sposoby pozyskiwania energii.<\/p>\n<!-- \/wp:paragraph --><!-- wp:paragraph -->\n<p><strong>Bibliografia:<\/strong><\/p>\n<!-- \/wp:paragraph --><!-- wp:paragraph -->\n<p>Rynek pracy, https:\/\/mfiles.pl\/pl\/index.php\/Rynek_pracy, dost\u0119p 24.05.2022. 2 Przyczyny zmian \u2013 pod wp\u0142ywem jakich czynnik\u00f3w zmieni si\u0119 rynek pracy? epale.ec.europa.eu, dost\u0119p 28.04.2022. 3 Toffler A. (2006), Trzecia fala, Wydawnictwo Kurpisz, Pozna\u0144;\u00a0<\/p>\n<!-- \/wp:paragraph --><!-- wp:paragraph -->\n<p>Toffler A. (2007), Szok przysz\u0142o\u015bci, Wydawnictwo Kurpisz, Pozna\u0144. 4 WEF (2020),\u00a0<\/p>\n<!-- \/wp:paragraph --><!-- wp:paragraph -->\n<p>The Future of Jobs Report 2020 https:\/\/www3.weforum.org\/docs\/WEF_Future_of_Jobs_2020.pdf, dost\u0119p 20.04.2022.\u00a0<\/p>\n<!-- \/wp:paragraph --><!-- wp:paragraph -->\n<p>OECD (2019) <a href=\"https:\/\/www.oecd.org\/forum\/issues\/forum-2016-issues-the-future-of-education.htm%20dost%C4%99p%2020.04.2022\">https:\/\/www.oecd.org\/forum\/issues\/forum-2016-issues-the-future-of-education.htm dost\u0119p 20.04.2022<\/a>.<\/p>\n<!-- \/wp:paragraph --><!-- wp:paragraph -->\n<p>McKinsey Global Institute (2017) A Future That Works: Automation, Employment, and Productivity https:\/\/www.mckinsey.com\/~\/media\/mckinsey\/featured%20insights\/Digital%20Disruption\/Harnessi ng%20automation%20for%20a%20future%20that%20works\/MGI-A-future-that-works-Executivesummary.ashx, dost\u0119p 20.04.2022.\u00a0<\/p>\n<!-- \/wp:paragraph --><!-- wp:paragraph -->\n<p>Europejski Fundusz Leasingowy. Grupa Cr\u00e9dit Agricole (2019) Kt\u00f3re zawody mog\u0105 znikn\u0105\u0107 w najbli\u017cszej przysz\u0142o\u015bci? https:\/\/www.efl.pl\/pl\/biznes-i-ty\/artykuly\/ktore-zawody-moga-zniknac-wnajblizszej-przyszlosci, dost\u0119p 20.04.2022. 8 https:\/\/pl.beincrypto.com\/metaverse-nasza-praca-w-przyszlosci\/, dost\u0119p 28.04.2022<\/p>\n<!-- \/wp:paragraph --><!-- wp:paragraph {\"fontSize\":\"medium\"} -->\n<p class=\"has-medium-font-size\"><strong>Biotechnologist<\/strong><\/p>\n<!-- \/wp:paragraph --><!-- wp:paragraph -->\n<p>With the development of medicine, pharmacology and environmental protection, there will be more and more jobs. It should also be remembered that there is little competition in this profession, so the rates for candidates should increase rapidly. What does a biotechnologist do? S\/he develops technologies that make use of organic substances in various industries.<\/p>\n<!-- \/wp:paragraph --><!-- wp:paragraph {\"fontSize\":\"medium\"} -->\n<p class=\"has-medium-font-size\"><strong>Logistician<\/strong><\/p>\n<!-- \/wp:paragraph --><!-- wp:paragraph -->\n<p>This is already one of the most sought-after professions. Logistics specialists are needed not only in transportation, but also in construction, automotive, electronics or energy. A logistician will find work wherever production and sales occur. What does he or she do? First of all, he is responsible for planning and supervising the production process, transportation and distribution of goods.<\/p>\n<!-- \/wp:paragraph --><!-- wp:paragraph {\"fontSize\":\"medium\"} -->\n<p class=\"has-medium-font-size\"><strong>Electro-technology engineer<\/strong><\/p>\n<!-- \/wp:paragraph --><!-- wp:paragraph -->\n<p>Employment in this occupational group will increase by 35 percent from 2012 to 2022. An electrical engineering engineer may work in electrical engineering, electronics, as well as instrumentation, telecommunications or computer engineering, among other fields. The bright future of this profession is inextricably linked to the rapid development of technology and its versatility.<\/p>\n<!-- \/wp:paragraph --><!-- wp:paragraph {\"fontSize\":\"medium\"} -->\n<p class=\"has-medium-font-size\"><strong>Physician\/Healthcare Worker<\/strong><\/p>\n<!-- \/wp:paragraph --><!-- wp:paragraph -->\n<p>Among doctors or nurses, the unemployment rate is very low. Poles are increasingly keen on sports and taking care of their appearance, so professions such as aesthetic medicine surgeon or physiotherapist will gain in importance. The services of psychologists and psychotherapists are also gaining popularity. New professions such as tele-surgeon or companion for the elderly may emerge in the near future.<\/p>\n<!-- \/wp:paragraph --><!-- wp:paragraph {\"fontSize\":\"medium\"} -->\n<p class=\"has-medium-font-size\"><strong>Trainer\/Dietitian &#8211;<\/strong> <strong>nutritionist<\/strong><\/p>\n<!-- \/wp:paragraph --><!-- wp:paragraph -->\n<p>More and more people are playing sports, interested in healthy lifestyles, diets. We simply want to look and feel better and better. In time, the professions of personal trainer and nutritionist will intersect, so it is worthwhile to develop simultaneously in these two fields. Let&#8217;s also remember that our population is aging. Therefore, professions such as trainer for the elderly are likely to begin to emerge.<\/p>\n<!-- \/wp:paragraph --><!-- wp:paragraph {\"fontSize\":\"medium\"} -->\n<p class=\"has-medium-font-size\"><strong>Financial specialist \/ personal finance advisor<\/strong><\/p>\n<!-- \/wp:paragraph --><!-- wp:paragraph -->\n<p>With increasing financial awareness, as well as concerns about the current pension system, various types of financial advisors (e.g., pension, investment, tax, insurance) will become increasingly popular. According to forecasts, from 2012 to 2022, the demand for employees in this industry will increase by as much as 43 percent!<\/p>\n<!-- \/wp:paragraph --><!-- wp:paragraph {\"fontSize\":\"medium\"} -->\n<p class=\"has-medium-font-size\"><strong>Big data analyst \/ data scientist<\/strong><\/p>\n<!-- \/wp:paragraph --><!-- wp:paragraph -->\n<p>Harvard Business Review called the profession of big data analyst &#8222;the sexiest profession of the 21st century.&#8221; Hardly surprising &#8211; nowadays companies collect huge amounts of data, the analysis of which is often crucial for business development. So-called data scientists, first of all, should have knowledge of economics, mathematics and statistics. Their work involves analyzing data and suggesting certain decisions and solutions based on it.<\/p>\n<!-- \/wp:paragraph --><!-- wp:paragraph {\"fontSize\":\"medium\"} -->\n<p class=\"has-medium-font-size\"><strong>Computer graphic designer<\/strong><\/p>\n<!-- \/wp:paragraph --><!-- wp:paragraph -->\n<p>In this profession, the most profitable people will be those who can be very creative. After all, it is the design of a website or a book cover that can determine sales success or failure. In an increasingly competitive market, employers will be looking for people who can make them stand out. The days when a product had to be functional, not pretty, are history. Nowadays, companies are trying to attract customers&#8217; attention precisely with captivating graphics.<\/p>\n<!-- \/wp:paragraph --><!-- wp:paragraph {\"fontSize\":\"medium\"} -->\n<p class=\"has-medium-font-size\"><strong>Research worker<\/strong><\/p>\n<!-- \/wp:paragraph --><!-- wp:paragraph -->\n<p>This is another profession that, for the time being, is much more valued in the West. Poland has a lot of catching up to do, but rapid advances in technology will make research workers crucial for further development. In the future, scientists in fields such as mathematics, chemistry, physics or engineering will benefit the most. It is thanks to their research that new technologies and inventions, medical services, medicines or ways to obtain energy will appear on the market.<\/p>\n<!-- \/wp:paragraph --><!-- wp:paragraph {\"fontSize\":\"medium\"} -->\n<p class=\"has-medium-font-size\"><strong>Bibliography<\/strong><\/p>\n<!-- \/wp:paragraph --><!-- wp:paragraph -->\n<p>Rynek pracy, https:\/\/mfiles.pl\/pl\/index.php\/Rynek_pracy, dost\u0119p 24.05.2022. 2 Przyczyny zmian \u2013 pod wp\u0142ywem jakich czynnik\u00f3w zmieni si\u0119 rynek pracy? epale.ec.europa.eu, dost\u0119p 28.04.2022. 3 Toffler A. (2006), Trzecia fala, Wydawnictwo Kurpisz, Pozna\u0144;<\/p>\n<!-- \/wp:paragraph --><!-- wp:paragraph -->\n<p>Toffler A. (2007), Szok przysz\u0142o\u015bci, Wydawnictwo Kurpisz, Pozna\u0144. 4 WEF (2020),<\/p>\n<!-- \/wp:paragraph --><!-- wp:paragraph -->\n<p>The Future of Jobs Report 2020 https:\/\/www3.weforum.org\/docs\/WEF_Future_of_Jobs_2020.pdf, dost\u0119p 20.04.2022.<\/p>\n<!-- \/wp:paragraph --><!-- wp:paragraph -->\n<p>OECD (2019) <a href=\"https:\/\/www.oecd.org\/forum\/issues\/forum-2016-issues-the-future-of-education.htm%20dost%C4%99p%2020.04.2022\">https:\/\/www.oecd.org\/forum\/issues\/forum-2016-issues-the-future-of-education.htm dost\u0119p 20.04.2022<\/a>.<\/p>\n<!-- \/wp:paragraph --><!-- wp:paragraph -->\n<p>McKinsey Global Institute (2017) A Future That Works: Automation, Employment, and Productivity https:\/\/www.mckinsey.com\/~\/media\/mckinsey\/featured%20insights\/Digital%20Disruption\/Harnessi ng%20automation%20for%20a%20future%20that%20works\/MGI-A-future-that-works-Executivesummary.ashx, dost\u0119p 20.04.2022.<\/p>\n<!-- \/wp:paragraph --><!-- wp:paragraph -->\n<p>Europejski Fundusz Leasingowy. Grupa Cr\u00e9dit Agricole (2019) Kt\u00f3re zawody mog\u0105 znikn\u0105\u0107 w najbli\u017cszej przysz\u0142o\u015bci? https:\/\/www.efl.pl\/pl\/biznes-i-ty\/artykuly\/ktore-zawody-moga-zniknac-wnajblizszej-przyszlosci, dost\u0119p 20.04.2022. 8 https:\/\/pl.beincrypto.com\/metaverse-nasza-praca-w-przyszlosci\/, dost\u0119p 28.04.2022<\/p>\n<!-- \/wp:paragraph --><!-- wp:spacer {\"height\":\"20px\"} -->\n<div class=\"wp-block-spacer\" style=\"height: 20px;\" aria-hidden=\"true\">\u00a0<\/div>\n<!-- \/wp:spacer --><!-- wp:paragraph -->\n<p>\u00a0<\/p>\n<!-- \/wp:paragraph --><!-- wp:paragraph -->\n<p><strong><em>A<\/em><\/strong><em><strong>uthor:<\/strong> <strong>Tomasz Wo\u0142owiec, PhD<\/strong><\/em>, WSEI university Lublin \/ Poland<\/p>\n<!-- \/wp:paragraph --><!-- wp:image {\"id\":860,\"width\":\"157px\",\"height\":\"55px\"} -->\n<figure class=\"wp-block-image is-resized\"><img fetchpriority=\"high\" decoding=\"async\" width=\"639\" height=\"225\" class=\"wp-image-860\" style=\"width: 157px; height: 55px;\" src=\"http:\/\/work.economic-literacy.eu\/wp-content\/uploads\/CC-OER-2.png\" alt=\"\" srcset=\"http:\/\/work.economic-literacy.eu\/wp-content\/uploads\/CC-OER-2.png 639w, http:\/\/work.economic-literacy.eu\/wp-content\/uploads\/CC-OER-2-300x106.png 300w\" sizes=\"(max-width: 639px) 100vw, 639px\" \/><\/figure>\n<!-- \/wp:image --><!-- wp:paragraph -->\n<p>This text is published under the terms of the Creative Commons License: CC BY-SA 2.0. The name of the author shall be as follows: CC BY-SA 2.0, Author: <em><strong>Tomasz Wo\u0142owiec, Ph<\/strong><\/em><strong><em>D<\/em><\/strong>, funding source: Erasmus+ Programme for Adult Education of the European Union. The text and materials may be reproduced, distributed, made publicly available, shared and adapted under the following conditions: In any case shall the name of the author, the license as well as the website\u2019s address of the original source be published.<\/p>\n<!-- \/wp:paragraph --><!-- wp:paragraph -->\n<p><em>The European Commission\u2019s support for the production of this publication does not constitute an endorsement of the contents, which reflect the views only of the authors, and the Commission cannot be held responsible for any use which may be made of the information contained th<\/em>e<em>rein<\/em>.<\/p>\n<!-- \/wp:paragraph -->\t\t\t\t\t\t<\/div>\n\t\t\t\t<\/div>\n\t\t\t\t\t<\/div>\n\t\t<\/div>\n\t\t\t\t\t<\/div>\n\t\t<\/section>\n\t\t\t\t<\/div>\n\t\t","protected":false},"excerpt":{"rendered":"<p>&nbsp;Specjalista ds. IT Zapotrzebowanie na specjalist\u00f3w w dziedzinie IT ju\u017c w obecnej chwili jest ogromne. Szybki rozw\u00f3j technologii oznacza, \u017ce w najbli\u017cszej przysz\u0142o\u015bci na rynku pojawi\u0105 si\u0119 zupe\u0142nie nowe miejsca pracy. Obecnie najbardziej dochodowe stanowiska w tej bran\u017cy to m.in. programi\u015bci Java, do\u015bwiadczeni programi\u015bci lub architekci IT. W nadchodz\u0105cych latach na znaczeniu zyskaj\u0105 stanowiska zwi\u0105zane &hellip;<\/p>\n<p class=\"read-more\"> <a class=\"\" href=\"http:\/\/work.economic-literacy.eu\/pl\/the-top-10-professions-of-the-future-in-the-european-union\/\"> <span class=\"screen-reader-text\">Lista 10 najwa\u017cniejszych zawod\u00f3w przysz\u0142o\u015bci w Unii Europejskiej<\/span> Read More &raquo;<\/a><\/p>\n","protected":false},"author":1,"featured_media":1201,"parent":0,"menu_order":0,"comment_status":"closed","ping_status":"closed","template":"","meta":{"site-sidebar-layout":"default","site-content-layout":"","ast-site-content-layout":"","site-content-style":"default","site-sidebar-style":"default","ast-global-header-display":"","ast-banner-title-visibility":"","ast-main-header-display":"","ast-hfb-above-header-display":"","ast-hfb-below-header-display":"","ast-hfb-mobile-header-display":"","site-post-title":"","ast-breadcrumbs-content":"","ast-featured-img":"","footer-sml-layout":"","theme-transparent-header-meta":"","adv-header-id-meta":"","stick-header-meta":"","header-above-stick-meta":"","header-main-stick-meta":"","header-below-stick-meta":"","astra-migrate-meta-layouts":"set","ast-page-background-enabled":"default","ast-page-background-meta":{"desktop":{"background-color":"","background-image":"","background-repeat":"repeat","background-position":"center center","background-size":"auto","background-attachment":"scroll","background-type":"","background-media":"","overlay-type":"","overlay-color":"","overlay-gradient":""},"tablet":{"background-color":"","background-image":"","background-repeat":"repeat","background-position":"center center","background-size":"auto","background-attachment":"scroll","background-type":"","background-media":"","overlay-type":"","overlay-color":"","overlay-gradient":""},"mobile":{"background-color":"","background-image":"","background-repeat":"repeat","background-position":"center center","background-size":"auto","background-attachment":"scroll","background-type":"","background-media":"","overlay-type":"","overlay-color":"","overlay-gradient":""}},"ast-content-background-meta":{"desktop":{"background-color":"var(--ast-global-color-5)","background-image":"","background-repeat":"repeat","background-position":"center center","background-size":"auto","background-attachment":"scroll","background-type":"","background-media":"","overlay-type":"","overlay-color":"","overlay-gradient":""},"tablet":{"background-color":"var(--ast-global-color-5)","background-image":"","background-repeat":"repeat","background-position":"center center","background-size":"auto","background-attachment":"scroll","background-type":"","background-media":"","overlay-type":"","overlay-color":"","overlay-gradient":""},"mobile":{"background-color":"var(--ast-global-color-5)","background-image":"","background-repeat":"repeat","background-position":"center center","background-size":"auto","background-attachment":"scroll","background-type":"","background-media":"","overlay-type":"","overlay-color":"","overlay-gradient":""}},"footnotes":""},"class_list":["post-2185","page","type-page","status-publish","has-post-thumbnail","hentry"],"_links":{"self":[{"href":"http:\/\/work.economic-literacy.eu\/pl\/wp-json\/wp\/v2\/pages\/2185","targetHints":{"allow":["GET"]}}],"collection":[{"href":"http:\/\/work.economic-literacy.eu\/pl\/wp-json\/wp\/v2\/pages"}],"about":[{"href":"http:\/\/work.economic-literacy.eu\/pl\/wp-json\/wp\/v2\/types\/page"}],"author":[{"embeddable":true,"href":"http:\/\/work.economic-literacy.eu\/pl\/wp-json\/wp\/v2\/users\/1"}],"replies":[{"embeddable":true,"href":"http:\/\/work.economic-literacy.eu\/pl\/wp-json\/wp\/v2\/comments?post=2185"}],"version-history":[{"count":6,"href":"http:\/\/work.economic-literacy.eu\/pl\/wp-json\/wp\/v2\/pages\/2185\/revisions"}],"predecessor-version":[{"id":2194,"href":"http:\/\/work.economic-literacy.eu\/pl\/wp-json\/wp\/v2\/pages\/2185\/revisions\/2194"}],"wp:featuredmedia":[{"embeddable":true,"href":"http:\/\/work.economic-literacy.eu\/pl\/wp-json\/wp\/v2\/media\/1201"}],"wp:attachment":[{"href":"http:\/\/work.economic-literacy.eu\/pl\/wp-json\/wp\/v2\/media?parent=2185"}],"curies":[{"name":"wp","href":"https:\/\/api.w.org\/{rel}","templated":true}]}}