{"id":2127,"date":"2023-02-24T23:57:23","date_gmt":"2023-02-24T22:57:23","guid":{"rendered":"http:\/\/work.economic-literacy.eu\/is-europe-deindustrializing\/"},"modified":"2024-03-18T19:30:57","modified_gmt":"2024-03-18T18:30:57","slug":"is-europe-deindustrializing","status":"publish","type":"page","link":"http:\/\/work.economic-literacy.eu\/pl\/is-europe-deindustrializing\/","title":{"rendered":"Czy Europa traci potencja\u0142 przemys\u0142owy?"},"content":{"rendered":"\n<p>Niedawno ponownie dosz\u0142o do dyskusji na temat deindustrializacji Niemiec i Europy. Niedob\u00f3r energii i jej rosn\u0105ce koszty stanowi\u0105 problem dla wielu przedsi\u0119biorstw w przemy\u015ble. W 2022 r. do\u015bwiadczyli\u015bmy fali upad\u0142o\u015bci przedsi\u0119biorstw. Ponadto, rz\u0105d USA przyj\u0105\u0142 Ustaw\u0119 o Obni\u017ceniu Inflacji, obejmuj\u0105c\u0105 ogromne dotacje dla przedsi\u0119biorstw opracowuj\u0105cych technologie przyjazne \u015brodowisku i zapewniaj\u0105c\u0105 suwerenno\u015b\u0107 technologiczn\u0105 USA (\u0142\u0105cznie 369 mld USD). UE obawia si\u0119, \u017ce jej przedsi\u0119biorstwa przenios\u0105 swoj\u0105 produkcj\u0119 do USA lub Azji, aby zaoszcz\u0119dzi\u0107 na energii lub kosztach pracy. Czy miejsca pracy w przemy\u015ble s\u0105 zagro\u017cone w Europie?\u00a0\u00a0<\/p>\n\n\n\n<p>Obawa przed deindustrializacj\u0105 pokazuje, i\u017c Europa uzna\u0142a przemys\u0142 za \u017ar\u00f3d\u0142o swego sukcesu gospodarczego i dobrobytu. Nie zawsze tak by\u0142o. W latach 90 tych i cz\u0119\u015bciowo na pocz\u0105tku XXI wieku sektor us\u0142ug by\u0142 powszechnie uznawany za bardziej obiecuj\u0105cy je\u017celi chodzi o tworzenie nowych miejsc pracy i innowacj\u0119. \u017byjemy w gospodarce opartej na wiedzy i uwa\u017cano, i\u017c to w\u0142a\u015bnie wiedza prowadzi do rozwoju innowacyjnych us\u0142ug, podczas gdy miejsca pracy w przemy\u015ble wi\u0105\u017c\u0105 si\u0119 z tymi jednakowymi zadaniami i rosn\u0105c\u0105 automatyzacj\u0105. W mi\u0119dzyczasie badania wykaza\u0142y, i\u017c innowacje cz\u0119sto pojawiaj\u0105 si\u0119 na styku produkcji i us\u0142ug. Ponadto rozwijaj\u0105cy si\u0119 sektor us\u0142ug cz\u0119sto towarzyszy i dzia\u0142a na rzecz przemys\u0142u, zar\u00f3wno krajowego, jak i zagranicznego.&nbsp;<\/p>\n\n\n\n<p>W dobie globalizacji \u2013 w latach 90tych i na pocz\u0105tku XXI wieku \u2013 niekt\u00f3re podmioty obawia\u0142y si\u0119 deindustrializacji Niemiec czy Europy. Tradycyjne europejskie przedsi\u0119biorstwa przemys\u0142owe przenosi\u0142y swoje zak\u0142ady produkcyjne do Azji lub Europy Wschodniej, zagra\u017caj\u0105c istniej\u0105cym od dawna miejscom pracy w przemy\u015ble, stosunkowo dobrze wynagradzanym i chronionym przez zwi\u0105zki zawodowe. Okaza\u0142o si\u0119 jednak, \u017ce deindustrializacja nie mia\u0142a miejsca w tamtym czasie czy nawet p\u00f3\u017aniej. Przedsi\u0119biorstwa przemys\u0142owe utrzyma\u0142y znacz\u0105co miejsca pracy w Europie, a ich zak\u0142ady produkcyjne umiejscowione za granic\u0105 umo\u017cliwi\u0142y obni\u017cenie koszt\u00f3w, przyczyniaj\u0105c si\u0119 do ich sukcesu. Dobrze znane niemieckie lub europejskie przedsi\u0119biorstwa przemys\u0142owe, takie jak BASF, kt\u00f3re niedawno og\u0142osi\u0142y outsourcing cz\u0119\u015bci swojej produkcji z powodu kryzysu energetycznego, sta\u0142y si\u0119 wielonarodowymi, zglobalizowanymi przedsi\u0119biorstwami.<\/p>\n\n\n\n<p>Czy obecnie dochodzi do deindustrializacji? Nale\u017cy powa\u017cnie potraktowa\u0107 obecny kryzys energetyczny, a tak\u017ce zwi\u0119kszon\u0105 konkurencj\u0119 technologiczn\u0105 mi\u0119dzy USA a Chinami i jego konsekwencje. UE nie chce by\u0107 tylko biernym obserwatorem w tym procesie, wr\u0119cz przeciwnie- intensywnie inwestuje w o\u017cywienie gospodarcze i utrzymanie produkcji przemys\u0142owej i w\u00a0 tym celu musi na nowo okre\u015bli\u0107 swoj\u0105 polityk\u0119 ekonomiczn\u0105. Konkurencja mia\u0142a by\u0107 centralnym elementem architektury UE, a nie polityki przemys\u0142owej, kt\u00f3ra zak\u0142\u00f3ca funkcjonowanie rynku. W obliczu obecnych wyzwa\u0144 efektywno\u015b\u0107 gospodarcza wydaje si\u0119 jednak mniej istotna ni\u017c przetrwanie technologiczne i przemys\u0142owe. Nie wiemy, jakie b\u0119d\u0105 konsekwencje tych proces\u00f3w dla unijnego rynku pracy, zw\u0142aszcza dla rynku pracy zwi\u0105zanego z przemys\u0142em. Istotne jest jednak, aby dzia\u0142acze na rzecz praw pracowniczych wypowiadali si\u0119 i prezentowali swoj\u0105 wizj\u0119 w procesie politycznym zar\u00f3wno w UE, jak i na szczeblu jej pa\u0144stw cz\u0142onkowskich.\u00a0<\/p>\n\n\n\n<p><strong>Author:<\/strong> Dr. Ewa Dabrowska, weltgewandt e.V., Berlin<\/p>\n\n\n\n<figure class=\"wp-block-image is-resized\"><img fetchpriority=\"high\" decoding=\"async\" width=\"639\" height=\"225\" src=\"http:\/\/work.economic-literacy.eu\/wp-content\/uploads\/CC-OER-2.png\" alt=\"\" class=\"wp-image-860\" style=\"width:159px;height:56px\" srcset=\"http:\/\/work.economic-literacy.eu\/wp-content\/uploads\/CC-OER-2.png 639w, http:\/\/work.economic-literacy.eu\/wp-content\/uploads\/CC-OER-2-300x106.png 300w\" sizes=\"(max-width: 639px) 100vw, 639px\" \/><\/figure>\n\n\n\n<p>Niniejszy tekst zosta\u0142 opublikowany na warunkach licencji Creative Commons: CC BY-SA 2.0. Imi\u0119 i nazwisko autora jest nast\u0119puj\u0105ce: CC BY-SA 2.0, Autor: dr Ewa D\u0105browska, \u017ar\u00f3d\u0142o finansowania: Program Unii Europejskiej Erasmus+ na rzecz Edukacji Doros\u0142ych. Tekst i materia\u0142y mog\u0105 by\u0107 powielane, rozpowszechniane, publicznie udost\u0119pniane, udost\u0119pniane i adaptowane pod nast\u0119puj\u0105cymi warunkami: W ka\u017cdym przypadku nale\u017cy opublikowa\u0107 nazwisko autora, licencj\u0119 oraz adres strony internetowej oryginalnego \u017ar\u00f3d\u0142a.<\/p>\n\n\n\n<p><em>Wsparcie Komisji Europejskiej dla powstania niniejszej publikacji nie stanowi aprobaty dla jej tre\u015bci, kt\u00f3ra odzwierciedla jedynie pogl\u0105dy autor\u00f3w, a Komisja Europejska nie ponosi odpowiedzialno\u015bci za jakiekolwiek wykorzystanie informacji w niej zawartych.<\/em><\/p>\n","protected":false},"excerpt":{"rendered":"<p>Niedawno ponownie dosz\u0142o do dyskusji na temat deindustrializacji Niemiec i Europy. Niedob\u00f3r energii i jej rosn\u0105ce koszty stanowi\u0105 problem dla wielu przedsi\u0119biorstw w przemy\u015ble. W 2022 r. do\u015bwiadczyli\u015bmy fali upad\u0142o\u015bci przedsi\u0119biorstw. Ponadto, rz\u0105d USA przyj\u0105\u0142 Ustaw\u0119 o Obni\u017ceniu Inflacji, obejmuj\u0105c\u0105 ogromne dotacje dla przedsi\u0119biorstw opracowuj\u0105cych technologie przyjazne \u015brodowisku i zapewniaj\u0105c\u0105 suwerenno\u015b\u0107 technologiczn\u0105 USA (\u0142\u0105cznie 369 &hellip;<\/p>\n<p class=\"read-more\"> <a class=\"\" href=\"http:\/\/work.economic-literacy.eu\/pl\/is-europe-deindustrializing\/\"> <span class=\"screen-reader-text\">Czy Europa traci potencja\u0142 przemys\u0142owy?<\/span> Read More &raquo;<\/a><\/p>\n","protected":false},"author":1,"featured_media":1222,"parent":0,"menu_order":0,"comment_status":"closed","ping_status":"closed","template":"","meta":{"site-sidebar-layout":"default","site-content-layout":"","ast-site-content-layout":"","site-content-style":"default","site-sidebar-style":"default","ast-global-header-display":"","ast-banner-title-visibility":"","ast-main-header-display":"","ast-hfb-above-header-display":"","ast-hfb-below-header-display":"","ast-hfb-mobile-header-display":"","site-post-title":"","ast-breadcrumbs-content":"","ast-featured-img":"","footer-sml-layout":"","theme-transparent-header-meta":"","adv-header-id-meta":"","stick-header-meta":"","header-above-stick-meta":"","header-main-stick-meta":"","header-below-stick-meta":"","astra-migrate-meta-layouts":"set","ast-page-background-enabled":"default","ast-page-background-meta":{"desktop":{"background-color":"","background-image":"","background-repeat":"repeat","background-position":"center center","background-size":"auto","background-attachment":"scroll","background-type":"","background-media":"","overlay-type":"","overlay-color":"","overlay-gradient":""},"tablet":{"background-color":"","background-image":"","background-repeat":"repeat","background-position":"center center","background-size":"auto","background-attachment":"scroll","background-type":"","background-media":"","overlay-type":"","overlay-color":"","overlay-gradient":""},"mobile":{"background-color":"","background-image":"","background-repeat":"repeat","background-position":"center center","background-size":"auto","background-attachment":"scroll","background-type":"","background-media":"","overlay-type":"","overlay-color":"","overlay-gradient":""}},"ast-content-background-meta":{"desktop":{"background-color":"var(--ast-global-color-5)","background-image":"","background-repeat":"repeat","background-position":"center center","background-size":"auto","background-attachment":"scroll","background-type":"","background-media":"","overlay-type":"","overlay-color":"","overlay-gradient":""},"tablet":{"background-color":"var(--ast-global-color-5)","background-image":"","background-repeat":"repeat","background-position":"center center","background-size":"auto","background-attachment":"scroll","background-type":"","background-media":"","overlay-type":"","overlay-color":"","overlay-gradient":""},"mobile":{"background-color":"var(--ast-global-color-5)","background-image":"","background-repeat":"repeat","background-position":"center center","background-size":"auto","background-attachment":"scroll","background-type":"","background-media":"","overlay-type":"","overlay-color":"","overlay-gradient":""}},"footnotes":""},"class_list":["post-2127","page","type-page","status-publish","has-post-thumbnail","hentry"],"_links":{"self":[{"href":"http:\/\/work.economic-literacy.eu\/pl\/wp-json\/wp\/v2\/pages\/2127","targetHints":{"allow":["GET"]}}],"collection":[{"href":"http:\/\/work.economic-literacy.eu\/pl\/wp-json\/wp\/v2\/pages"}],"about":[{"href":"http:\/\/work.economic-literacy.eu\/pl\/wp-json\/wp\/v2\/types\/page"}],"author":[{"embeddable":true,"href":"http:\/\/work.economic-literacy.eu\/pl\/wp-json\/wp\/v2\/users\/1"}],"replies":[{"embeddable":true,"href":"http:\/\/work.economic-literacy.eu\/pl\/wp-json\/wp\/v2\/comments?post=2127"}],"version-history":[{"count":2,"href":"http:\/\/work.economic-literacy.eu\/pl\/wp-json\/wp\/v2\/pages\/2127\/revisions"}],"predecessor-version":[{"id":2132,"href":"http:\/\/work.economic-literacy.eu\/pl\/wp-json\/wp\/v2\/pages\/2127\/revisions\/2132"}],"wp:featuredmedia":[{"embeddable":true,"href":"http:\/\/work.economic-literacy.eu\/pl\/wp-json\/wp\/v2\/media\/1222"}],"wp:attachment":[{"href":"http:\/\/work.economic-literacy.eu\/pl\/wp-json\/wp\/v2\/media?parent=2127"}],"curies":[{"name":"wp","href":"https:\/\/api.w.org\/{rel}","templated":true}]}}