{"id":2101,"date":"2023-09-19T12:56:30","date_gmt":"2023-09-19T10:56:30","guid":{"rendered":"http:\/\/work.economic-literacy.eu\/career-guidance-in-a-nutshell\/"},"modified":"2024-03-17T21:54:19","modified_gmt":"2024-03-17T20:54:19","slug":"career-guidance-in-a-nutshell","status":"publish","type":"page","link":"http:\/\/work.economic-literacy.eu\/pl\/career-guidance-in-a-nutshell\/","title":{"rendered":"Doradztwo zawodowe w skr\u00f3cie"},"content":{"rendered":"\n<p>Czy kiedykolwiek potrzebowa\u0142e\u015b pomocy doradcy zawodowego? Czy tak naprawd\u0119 wiesz, czym zajmuje si\u0119 doradca zawodowy? W jaki spos\u00f3b mo\u017ce ci pom\u00f3c w wyborze kariery zawodowej i przy zmianie pracy? W oparciu o jakie teorie zawodowe pracuje, aby by\u0107 w stanie zaoferowa\u0107 ci pomoc?<\/p>\n\n\n\n<p><strong>Rola doradcy zawodowego<\/strong><\/p>\n\n\n\n<p>Co w rzeczywisto\u015bci oznacza termin \u201ewytyczne dotycz\u0105ce kariery zawodowej\u201d? M\u00f3wimy o wsparciu zawodowym, np. \u201edoradztwo zawodowe\u201d, \u201erozw\u00f3j kariery zawodowej\u201d, \u201eporadnictwo zawodowe\u201d \u201einformacje i doradztwo zawodowe\u201d. Terminy te odnosz\u0105 si\u0119 do r\u00f3\u017cnorodnych dzia\u0142a\u0144, kt\u00f3re maj\u0105 za zadanie pom\u00f3c innym w ich karierze zawodowej i kt\u00f3re de facto mog\u0105 funkcjonowa\u0107 w obr\u0119bie jednego poj\u0119cia \u201edoradztwo zawodowe\u201d.&nbsp;<\/p>\n\n\n\n<p><strong>Specyfika pracy doradcy zawodowego<\/strong><\/p>\n\n\n\n<p>Doradca zawodowy mo\u017ce oferowa\u0107 szeroki zakres wsparcia lub specjalizowa\u0107 si\u0119 w okre\u015blonej dziedzinie. Do najpowszechniejszych nale\u017c\u0105 dostarczanie informacji na temat kariery zawodowej, ocena umiej\u0119tno\u015bci, rozwijanie umiej\u0119tno\u015bci w zakresie zarz\u0105dzania karier\u0105 zawodow\u0105, doradztwo indywidualne lub szkolenie. Doradztwo zawodowe mo\u017ce by\u0107 szczeg\u00f3lnie wa\u017cne, gdy znajdujesz si\u0119 na rozdro\u017cu swoich wybor\u00f3w zawodowych, gdy zmieniasz prac\u0119 lub dokonujesz zmian w karierze zawodowej, gdy rozpoczynasz prac\u0119 w nowym kraju lub je\u015bli chcesz rozwija\u0107 swoj\u0105 karier\u0119. Doradztwo zawodowe jest \u015bwiadczone w r\u00f3\u017cnych miejscach, takich jak urz\u0119dy pracy, szko\u0142y, organizacje pozarz\u0105dowe, o\u015brodki szkoleniowe, itp. lub przez osoby fizyczne.<\/p>\n\n\n\n<p><strong>Dobre strony doradztwa zawodowego&nbsp;<\/strong><\/p>\n\n\n\n<p>Doradztwo zawodowe mo\u017ce przynie\u015b\u0107 szereg korzy\u015bci zar\u00f3wno m\u0142odym osobom rozpoczynaj\u0105cym karier\u0119 zawodow\u0105, jak i osobom, kt\u00f3re maj\u0105 ju\u017c do\u015bwiadczenie na rynku pracy, czy te\u017c osobom wykluczonym na rynku pracy. W\u015br\u00f3d dobrych stron wymieni\u0107 mo\u017cna mi\u0119dzy innymi:<\/p>\n\n\n\n<ul class=\"wp-block-list\">\n<li>Zwi\u0119kszanie \u015bwiadomo\u015bci na temat r\u00f3\u017cnych mo\u017cliwo\u015bci kariery zawodowej<\/li>\n\n\n\n<li>Zrozumienie wymog\u00f3w r\u00f3\u017cnych \u015bcie\u017cek kariery<\/li>\n\n\n\n<li>Nabywanie umiej\u0119tno\u015bci i kompetencji potrzebnych w niekt\u00f3rych zawodach<\/li>\n\n\n\n<li>Zwi\u0119kszanie motywacji, poprawa nawyk\u00f3w zawodowych, walidacja umiej\u0119tno\u015bci<\/li>\n\n\n\n<li>Kierowanie w\u0142asn\u0105 \u015bcie\u017ck\u0105 kariery i jej zrozumienie<\/li>\n<\/ul>\n\n\n\n<p><strong>Wi\u0119cej informacji<\/strong><\/p>\n\n\n\n<p>Je\u015bli chcesz zapozna\u0107 si\u0119 z bardziej szczeg\u00f3\u0142owymi informacjami na temat r\u00f3\u017cnych modeli kariery zawodowej, metod, podej\u015b\u0107 i teorii, mo\u017cesz dok\u0142adnie przeanalizowa\u0107 nast\u0119puj\u0105ce teorie:<\/p>\n\n\n\n<ul class=\"wp-block-list\">\n<li>a <strong>\/Wczesne teorie (pocz\u0105wszy od pocz\u0105tku XX w.)<\/strong> koncentrowa\u0142y si\u0119 g\u0142\u00f3wnie na tre\u015bci, indywidualnych czynnikach kszta\u0142tuj\u0105cych poszczeg\u00f3lne osoby (cechy osobowo\u015bciowe, zdolno\u015bci, zainteresowania, warto\u015bci, itp.). Teorie te postrzega\u0142y podejmowane decyzje dotycz\u0105ce kariery zawodowej w formie jednego aktu statycznego (przedstawiciele: Parsons, Holandia, Bordin, Brown, itp.).<\/li>\n\n\n\n<li>b\/ <strong>Pocz\u0105wszy od lat pi\u0119\u0107dziesi\u0105tych XX wieku<\/strong>, wi\u0119cej uwagi po\u015bwi\u0119cono czynnikom zwi\u0105zanym z procesem. Nowo stworzone teorie zacz\u0119\u0142y rozumie\u0107 rozw\u00f3j kariery jako proces dynamiczny obejmuj\u0105cy szereg decyzji (przedstawiciele: Ginzberg, Super, Gottfredson, Miller-Tiedeman i Tiedeman).<\/li>\n\n\n\n<li>c\/ <strong>Syntetyczne podej\u015bcie<\/strong> obejmuje teorie, kt\u00f3re odnosz\u0105 si\u0119 zar\u00f3wno do tre\u015bci, jak i samego procesu. Poni\u017cej wymienione teorie wsp\u00f3\u0142dzia\u0142aj\u0105 z kontekstem i zmianami (Krumboltz, teoria kariery spo\u0142ecznej lub SCCT, teoria przetwarzania informacji kognitywnej lub CIP oraz podej\u015bcie kontekstowe).<\/li>\n\n\n\n<li>znacz\u0105cy wk\u0142ad w zrozumienie rozwoju kariery zawodowej w istniej\u0105cych warunkach spo\u0142ecznych ma <strong>perspektywa konstruktywist\u00f3w<\/strong> (Savickas, Peavy). Mo\u017cemy r\u00f3wnie\u017c czerpa\u0107 inspiracj\u0119 z podej\u015bcia systemowego (coaching systemowy) i podej\u015bcia opartego na sile<\/li>\n<\/ul>\n\n\n\n<p>Mo\u017cna r\u00f3wnie\u017c si\u0119gn\u0105\u0107 do poni\u017cszej literatury.<\/p>\n\n\n\n<p><strong>Odniesienia:<\/strong><\/p>\n\n\n\n<p>OECD. Investing in career guidance. 2019. Dost\u0119pne pod adresem: https:\/\/www.oecd.org\/education\/career-readiness\/Investing%20in%20Career%20Guidance_en.pdf<\/p>\n\n\n\n<p>PEAVY, V. Sociodynamic counselling. A constructivist perspective. DZS pro Centrum Euroguidance, Praha 2013. ISBN 978-80-87335-55-0<\/p>\n\n\n\n<p>AMUNDSON, N. E. Active Engagement: the \u201cbeing\u201c and \u201cdoing\u201c of career counselling. Ed. 3. Ergon Communications, Canada 2009. ISBN 978-0-9684345-8-1<\/p>\n\n\n\n<p>PATTON, W., MCMAHON M. Career Development and Systems Theory. Connecting Theory and Practice. Second Edition. Sense Publishers, Rotterdam 2006. ISBN 90-77874-13-5<\/p>\n\n\n\n<p>HOLAHAN, C. J. et al. Coping, stress resistance, and growth: Conceptualizing adaptive functioning. In: Handbook of coping: Theory, research, applications. New York: John Wiley &amp; Sons, Inc., 1996.<\/p>\n\n\n\n<p>HOLAHAN, C. J. et al. Coping, stress resistance, and growth: Conceptualizing adaptive functioning. In: Handbook of coping: Theory, research, applications. New York: John Wiley &amp; Sons, Inc., 1996.<\/p>\n\n\n\n<p>Autor zdj\u0119cia: Mockup Graphics on Unsplash <a href=\"https:\/\/unsplash.com\/de\/fotos\/QOpX1O-Mcew\">https:\/\/unsplash.com\/de\/fotos\/QOpX1O-Mcew<\/a><\/p>\n\n\n\n<p><strong>Autor:<\/strong> Team AVITEUM, Prague \/ Czech Republic<\/p>\n\n\n\n<figure class=\"wp-block-image size-full is-resized\"><img fetchpriority=\"high\" decoding=\"async\" width=\"639\" height=\"225\" src=\"http:\/\/work.economic-literacy.eu\/wp-content\/uploads\/image-2.png\" alt=\"\" class=\"wp-image-928\" style=\"width:168px;height:59px\" srcset=\"http:\/\/work.economic-literacy.eu\/wp-content\/uploads\/image-2.png 639w, http:\/\/work.economic-literacy.eu\/wp-content\/uploads\/image-2-300x106.png 300w\" sizes=\"(max-width: 639px) 100vw, 639px\" \/><\/figure>\n\n\n\n<p>Niniejszy tekst zosta\u0142 opublikowany na warunkach licencji Creative Commons: CC BY-SA 2.0. Imi\u0119 i nazwisko autora jest nast\u0119puj\u0105ce: CC BY-SA 2.0, Autor: Team AVITEUM, \u017ar\u00f3d\u0142o finansowania: Program Unii Europejskiej Erasmus+ na rzecz Edukacji Doros\u0142ych. Tekst i materia\u0142y mog\u0105 by\u0107 powielane, rozpowszechniane, publicznie udost\u0119pniane, udost\u0119pniane i adaptowane pod nast\u0119puj\u0105cymi warunkami: W ka\u017cdym przypadku nale\u017cy opublikowa\u0107 nazwisko autora, licencj\u0119 oraz adres strony internetowej oryginalnego \u017ar\u00f3d\u0142a.<\/p>\n\n\n\n<p><em>Wsparcie Komisji Europejskiej dla powstania niniejszej publikacji nie stanowi aprobaty dla jej tre\u015bci, kt\u00f3ra odzwierciedla jedynie pogl\u0105dy autor\u00f3w, a Komisja Europejska nie ponosi odpowiedzialno\u015bci za jakiekolwiek wykorzystanie informacji w niej zawartych.<\/em><\/p>\n","protected":false},"excerpt":{"rendered":"<p>Czy kiedykolwiek potrzebowa\u0142e\u015b pomocy doradcy zawodowego? Czy tak naprawd\u0119 wiesz, czym zajmuje si\u0119 doradca zawodowy? W jaki spos\u00f3b mo\u017ce ci pom\u00f3c w wyborze kariery zawodowej i przy zmianie pracy? W oparciu o jakie teorie zawodowe pracuje, aby by\u0107 w stanie zaoferowa\u0107 ci pomoc? Rola doradcy zawodowego Co w rzeczywisto\u015bci oznacza termin \u201ewytyczne dotycz\u0105ce kariery zawodowej\u201d? &hellip;<\/p>\n<p class=\"read-more\"> <a class=\"\" href=\"http:\/\/work.economic-literacy.eu\/pl\/career-guidance-in-a-nutshell\/\"> <span class=\"screen-reader-text\">Doradztwo zawodowe w skr\u00f3cie<\/span> Read More &raquo;<\/a><\/p>\n","protected":false},"author":1,"featured_media":1273,"parent":0,"menu_order":0,"comment_status":"closed","ping_status":"closed","template":"","meta":{"site-sidebar-layout":"default","site-content-layout":"","ast-site-content-layout":"default","site-content-style":"default","site-sidebar-style":"default","ast-global-header-display":"","ast-banner-title-visibility":"","ast-main-header-display":"","ast-hfb-above-header-display":"","ast-hfb-below-header-display":"","ast-hfb-mobile-header-display":"","site-post-title":"","ast-breadcrumbs-content":"","ast-featured-img":"","footer-sml-layout":"","theme-transparent-header-meta":"","adv-header-id-meta":"","stick-header-meta":"","header-above-stick-meta":"","header-main-stick-meta":"","header-below-stick-meta":"","astra-migrate-meta-layouts":"set","ast-page-background-enabled":"default","ast-page-background-meta":{"desktop":{"background-color":"","background-image":"","background-repeat":"repeat","background-position":"center center","background-size":"auto","background-attachment":"scroll","background-type":"","background-media":"","overlay-type":"","overlay-color":"","overlay-gradient":""},"tablet":{"background-color":"","background-image":"","background-repeat":"repeat","background-position":"center center","background-size":"auto","background-attachment":"scroll","background-type":"","background-media":"","overlay-type":"","overlay-color":"","overlay-gradient":""},"mobile":{"background-color":"","background-image":"","background-repeat":"repeat","background-position":"center center","background-size":"auto","background-attachment":"scroll","background-type":"","background-media":"","overlay-type":"","overlay-color":"","overlay-gradient":""}},"ast-content-background-meta":{"desktop":{"background-color":"var(--ast-global-color-5)","background-image":"","background-repeat":"repeat","background-position":"center center","background-size":"auto","background-attachment":"scroll","background-type":"","background-media":"","overlay-type":"","overlay-color":"","overlay-gradient":""},"tablet":{"background-color":"var(--ast-global-color-5)","background-image":"","background-repeat":"repeat","background-position":"center center","background-size":"auto","background-attachment":"scroll","background-type":"","background-media":"","overlay-type":"","overlay-color":"","overlay-gradient":""},"mobile":{"background-color":"var(--ast-global-color-5)","background-image":"","background-repeat":"repeat","background-position":"center center","background-size":"auto","background-attachment":"scroll","background-type":"","background-media":"","overlay-type":"","overlay-color":"","overlay-gradient":""}},"footnotes":""},"class_list":["post-2101","page","type-page","status-publish","has-post-thumbnail","hentry"],"_links":{"self":[{"href":"http:\/\/work.economic-literacy.eu\/pl\/wp-json\/wp\/v2\/pages\/2101","targetHints":{"allow":["GET"]}}],"collection":[{"href":"http:\/\/work.economic-literacy.eu\/pl\/wp-json\/wp\/v2\/pages"}],"about":[{"href":"http:\/\/work.economic-literacy.eu\/pl\/wp-json\/wp\/v2\/types\/page"}],"author":[{"embeddable":true,"href":"http:\/\/work.economic-literacy.eu\/pl\/wp-json\/wp\/v2\/users\/1"}],"replies":[{"embeddable":true,"href":"http:\/\/work.economic-literacy.eu\/pl\/wp-json\/wp\/v2\/comments?post=2101"}],"version-history":[{"count":2,"href":"http:\/\/work.economic-literacy.eu\/pl\/wp-json\/wp\/v2\/pages\/2101\/revisions"}],"predecessor-version":[{"id":2106,"href":"http:\/\/work.economic-literacy.eu\/pl\/wp-json\/wp\/v2\/pages\/2101\/revisions\/2106"}],"wp:featuredmedia":[{"embeddable":true,"href":"http:\/\/work.economic-literacy.eu\/pl\/wp-json\/wp\/v2\/media\/1273"}],"wp:attachment":[{"href":"http:\/\/work.economic-literacy.eu\/pl\/wp-json\/wp\/v2\/media?parent=2101"}],"curies":[{"name":"wp","href":"https:\/\/api.w.org\/{rel}","templated":true}]}}