{"id":2070,"date":"2023-09-18T14:54:28","date_gmt":"2023-09-18T12:54:28","guid":{"rendered":"http:\/\/work.economic-literacy.eu\/development-aid-for-the-rich-how-the-global-south-continues-to-develop-the-north\/"},"modified":"2024-03-17T21:18:27","modified_gmt":"2024-03-17T20:18:27","slug":"development-aid-for-the-rich-how-the-global-south-continues-to-develop-the-north","status":"publish","type":"page","link":"http:\/\/work.economic-literacy.eu\/pl\/development-aid-for-the-rich-how-the-global-south-continues-to-develop-the-north\/","title":{"rendered":"Pomoc w rozwoju bogatych? Jak po\u0142udnie \u015bwiata nadal pomaga rozwija\u0107 si\u0119 p\u00f3\u0142nocy"},"content":{"rendered":"\n<p>\u0179r\u00f3d\u0142a zdj\u0119\u0107: <a href=\"https:\/\/unsplash.com\/de\/@agent_illustrateur?utm_source=unsplash&amp;utm_medium=referral&amp;utm_content=creditCopyText\">Christine Roy<\/a> na <a href=\"https:\/\/unsplash.com\/de\/fotos\/ir5MHI6rPg0?utm_source=unsplash&amp;utm_medium=referral&amp;utm_content=creditCopyText\">Unsplash<\/a><\/p>\n\n\n\n<p><em>Po\u0142udnie \u015bwiata nie dorobi\u0142o si\u0119 maj\u0105tku ze wzgl\u0119du na swoj\u0105 pomys\u0142owo\u015b\u0107 i w\u0142o\u017cony wysi\u0142ek, lecz rozwin\u0119\u0142o si\u0119 dzi\u0119ki pracy i zasobom Po\u0142udnia.\u00a0<\/em><\/p>\n\n\n\n<p>Dorastaj\u0105c w Niemczech, jednym z najbogatszych kraj\u00f3w na Ziemi, zyska\u0142em przekonanie, \u017ce sukces gospodarczy Europy \u015arodkowej dokona\u0142 si\u0119 ca\u0142kowicie we w\u0142asnym zakresie. To nie tak, \u017ce nie obchodz\u0105 mnie biedne miejsca na po\u0142udniu \u015bwiata, ale uzmys\u0142owi\u0142em sobie, \u017ce warunki te nijak si\u0119 maj\u0105 do bogactwa, kt\u00f3re widzia\u0142em w p\u00f3\u0142nocnej cz\u0119\u015bci \u015bwiata. To nie przypadek. To zakorzeniony eurocentryczny,&nbsp; \u015bwiatowy pogl\u0105d, o kt\u00f3ry uczymy si\u0119 w szko\u0142ach, s\u0142yszymy o nim w mediach, b\u0119d\u0105cy tak\u017ce obecny w polityce, a zw\u0142aszcza w edukacji ekonomicznej, a mianowicie g\u0142\u0119bokie zbiorowe przekonanie, kt\u00f3re uzasadnia pozycj\u0119 bogatych w tym nier\u00f3wnym \u015bwiecie i skrywa agresywn\u0105 neokolonialn\u0105 rzeczywisto\u015b\u0107 \u201ekr\u00f3lewskiego trybu \u017cycia\u201d kosztem innych [1].&nbsp;<\/p>\n\n\n\n<p>Jedn\u0105 z kluczowych koncepcji, kt\u00f3ra mnie fascynuje i kt\u00f3ra jest elementem tej historii, jest <strong>nier\u00f3wna wymiana, <\/strong>termin stworzony i stosowany przez kilku ekonomist\u00f3w, krytykuj\u0105cych powszechnie akceptowane pomys\u0142y rozwoju [2]. Nier\u00f3wna wymiana oznacza, \u017ce jedna z dw\u00f3ch stron uczestnicz\u0105cych w (globalnej) wymianie musi zap\u0142aci\u0107 o wiele wi\u0119ksz\u0105 ilo\u015bci\u0105 towar\u00f3w\/godzin\/zasob\u00f3w, aby wymieni\u0107 si\u0119 na inny towar za tak\u0105 sam\u0105 cen\u0119. Wynika to z faktu, \u017ce warto\u015b\u0107 rynkowa twojego towaru (lub czasu pracy) jest znacznie ni\u017csza ni\u017c jego rzeczywista warto\u015b\u0107. Jak to mo\u017cliwe? Je\u015bli uwa\u017casz, \u017ce cena rynkowa jest taka sama jak warto\u015b\u0107 i \u017ce wszelka wymiana jest dobrowolna (czego nauczy\u0142em si\u0119 z ekonomii g\u0142\u00f3wnego nurtu), to jest to b\u0142\u0119dne rozumowanie.<\/p>\n\n\n\n<p>Z kolei teorie nier\u00f3wnej wymiany wskazuj\u0105, i\u017c ceny rynkowe nie odzwierciedlaj\u0105 warto\u015bci, lecz s\u0105 wynikiem nier\u00f3wnych stosunk\u00f3w i niesprawiedliwych struktur handlowych budowanych na przestrzeni wiek\u00f3w. Je\u015bli znajdujesz si\u0119 w mniej korzystnej pozycji na rynku \u015bwiatowym, na przyk\u0142ad ze wzgl\u0119du na brak kapita\u0142u i masz do zaoferowania produkty, kt\u00f3rych albo wytworzenie jest pracoch\u0142onne, albo s\u0105 to zwyczajnie nieprzetworzone surowce stanowi\u0105ce konkurencj\u0119 dla innych, ceny mog\u0105 zosta\u0107 sztucznie pomniejszone. Nawet je\u015bli produkty przetworzone (takie jak t-shirt) s\u0105 w mi\u0119dzyczasie w ca\u0142o\u015bci wytwarzane na Po\u0142udniu, do producent\u00f3w trafia jedynie u\u0142amek finalnej ceny rynkowej, a wi\u0119kszo\u015b\u0107 jest i tak przejmowana przez P\u00f3\u0142noc. (Je\u017celi jeste\u015b zainteresowany tematem, John Smith wyja\u015bnia to w odniesieniu do trzech \u015bwiatowych produkt\u00f3w: iPhone\u2019\u00f3w, kawy i T-shirt\u2019\u00f3w [3]) Nier\u00f3wna wymiana przypomina ukryty transfer warto\u015bci, kt\u00f3ry wykazuje wysoki PKB (na mieszka\u0144ca) jako domniemana \u201eproduktywno\u015b\u0107\u201d; warto\u015b\u0107 dodana w gospodarkach P\u00f3\u0142nocy. Patrz\u0105c na to z perspektywy nier\u00f3wnej wymiany, zamiast \u201ewarto\u015bci dodanej\u201d mo\u017cemy postrzega\u0107 wysoki PKB jako wska\u017anik udanego \u201ewychwytywania warto\u015bci\u201d [3].<\/p>\n\n\n\n<p>To tyle je\u015bli chodzi o teori\u0119, a jest to bardziej z\u0142o\u017cony proces, je\u015bli chcemy odpowiedzie\u0107 na pytanie, co czyni nier\u00f3wn\u0105 wymian\u0119 mo\u017cliw\u0105. Chc\u0119 zna\u0107 liczby. Jaka jest skala transferu warto\u015bci w nier\u00f3wnej wymianie? Oto odpowied\u017a: Podczas gdy kolonializm formalnie przesta\u0142 istnie\u0107, neokolonialny schemat wyp\u0142ywaj\u0105cych zasob\u00f3w w kierunku P\u00f3\u0142nocy wyra\u017anie si\u0119 utrzymuje. W niedawno przeprowadzonym badaniu oszacowano skal\u0119 surowc\u00f3w, grunt\u00f3w, energii i czasu pracy zaw\u0142aszczonego przez p\u00f3\u0142nocn\u0105 cz\u0119\u015b\u0107 \u015bwiata w wyniku nier\u00f3wnej wymiany (to o wiele wi\u0119cej, ni\u017c P\u00f3\u0142noc zapewnia\u0142a Po\u0142udniu) [4]. Tylko w 2015 r. kraje P\u00f3\u0142nocy wyczerpa\u0142y zasoby i otrzyma\u0142y&#8230;<\/p>\n\n\n\n<ul class=\"wp-block-list\">\n<li><strong>12 mld ton dodanej warto\u015bci surowc\u00f3w <\/strong>(9-ciokrotne roczne zu\u017cycie surowc\u00f3w w Niemczech)<\/li>\n\n\n\n<li><strong>822 mln dodanej warto\u015bci hektar\u00f3w grunt\u00f3w <\/strong>(23 razy wi\u0119cej ni\u017c wielko\u015b\u0107 Niemiec)&nbsp;<\/li>\n\n\n\n<li><strong>21 eksad\u017cul\u00f3w dodanej warto\u015bci energii <\/strong>(prawie dwukrotno\u015b\u0107 rocznego zu\u017cycia energii pierwotnej w Niemczech)<\/li>\n\n\n\n<li><strong>188 mln dodanej warto\u015bci lat pracy <\/strong>(ponad dwa lata sp\u0119dzane przez wszystkich mieszka\u0144c\u00f3w Niemiec)<\/li>\n<\/ul>\n\n\n\n<p>(Termin \u201eo dodanej warto\u015bci\u201d wyja\u015bnia, \u017ce nie wszystkie te sk\u0142adniki s\u0105 widoczne w towarach i us\u0142ugach b\u0119d\u0105cych przedmiotem obrotu, ale s\u0105 niezb\u0119dne do ich produkcji. Wyobra\u017a sobie, \u017ce nie mo\u017cna zobaczy\u0107 ilo\u015bci grunt\u00f3w i pracy, kt\u00f3re by\u0142y niezb\u0119dne do produkcji iPhone\u2019a. Wszystkie te warto\u015bci wynosz\u0105 \u0142\u0105cznie 10,8 bln dolar\u00f3w (wed\u0142ug cen na P\u00f3\u0142nocy)! Autorzy podkre\u015blaj\u0105: kwota ta jest <strong>wystarczaj\u0105ca, aby po\u0142o\u017cy\u0107 kres skrajnemu ub\u00f3stwu 70-krotnie i jest 30-krotnie wi\u0119ksza ni\u017c kwota oficjalnej pomocy przekazywanej Po\u0142udniu.<\/strong> Zwr\u00f3\u0107 uwag\u0119, \u017ce m\u00f3wimy tylko o jednym roku, i u\u015bwiadom sobie, \u017ce ten czas, przestrze\u0144, energia i surowce nie s\u0105 dost\u0119pne do budowy niezb\u0119dnej infrastruktury, produkcji i pracy na rzecz \u201erozwoju\u201d Po\u0142udnia.&nbsp;&nbsp;<\/p>\n\n\n\n<p>Bior\u0105c pod uwag\u0119 kierunek przep\u0142yw\u00f3w na P\u00f3\u0142noc przez tzw. kraje rozwijaj\u0105ce si\u0119, mo\u017cemy powiedzie\u0107, \u017ce kraje takie jak Niemcy s\u0105 krajami rozwijaj\u0105cymi si\u0119 \u2013 otrzymuj\u0105 one dodatkow\u0105 pomoc na rozw\u00f3j z Po\u0142udnia dzi\u0119ki nier\u00f3wnej wymianie. Historia ta r\u00f3\u017cni si\u0119 jednak od tej o niejasnej narracji o sukcesie gospodarczym osi\u0105gni\u0119tym za pomoc\u0105 w\u0142asnych \u015brodk\u00f3w wzywaj\u0105c do radykalnej zmiany globalnych struktur ekonomicznych, aby by\u0107 w stanie zaspokoi\u0107 potrzeby wszystkich mieszka\u0144c\u00f3w naszej planety.<br><\/p>\n\n\n\n<p>[1] poj\u0119cie \u201ekr\u00f3lewski styl \u017cycia\u201d obja\u015bniono pod linkiem <a href=\"https:\/\/www.youtube.com\/watch?v=c4c5e_hmsWM\">https:\/\/www.youtube.com\/watch?v=c4c5e_hmsWM<\/a>&nbsp;<\/p>\n\n\n\n<p>[2] e.g. Arghiri Emmanuel, Samir Amin, Ra\u00fal Prebisch among many others. Zobacz r\u00f3wnie\u017c <a href=\"https:\/\/en.wikipedia.org\/wiki\/Unequal_exchange\">https:\/\/en.wikipedia.org\/wiki\/Unequal_exchange<\/a> and the Unequal Exchange Podcast on the legacy of Arghiri Emmanuel <a href=\"https:\/\/www.youtube.com\/@UnequalExchange\">https:\/\/www.youtube.com\/@UnequalExchange<\/a>.&nbsp;<\/p>\n\n\n\n<p>[3] John Smith (2012): The GDP Illusion \u2013 Value Added vs Value Capture. Monthly Review, Volume 64 (3). <a href=\"https:\/\/monthlyreview.org\/2012\/07\/01\/the-gdp-illusion\/\">https:\/\/monthlyreview.org\/2012\/07\/01\/the-gdp-illusion\/<\/a>&nbsp;<\/p>\n\n\n\n<p>[4] Jason Hickel, Christian Dorninger, Hanspeter Wieland, Intan Suwandi (2022<em>): Imperialist appropriation in the world economy: Drain from the global South through unequal exchange, 1990\u20132015<\/em>, Global Environmental Change, Volume 73. <a href=\"https:\/\/www.sciencedirect.com\/science\/article\/pii\/S095937802200005X\">https:\/\/www.sciencedirect.com\/science\/article\/pii\/S095937802200005X<\/a>&nbsp;<\/p>\n\n\n\n<p>Kredyty obrazkowe: <a href=\"https:\/\/unsplash.com\/de\/@agent_illustrateur?utm_source=unsplash&amp;utm_medium=referral&amp;utm_content=creditCopyText\"><u>Christine Roy<\/u><\/a> auf <a href=\"https:\/\/unsplash.com\/de\/fotos\/ir5MHI6rPg0?utm_source=unsplash&amp;utm_medium=referral&amp;utm_content=creditCopyText\"><u>Unsplash<\/u><\/a><\/p>\n\n\n\n<p><em>A<\/em><strong>utor:<\/strong> Sven-David Pfau, Wirtschaftsuniversit\u00e4t Wien \/ Austria<\/p>\n\n\n\n<figure class=\"wp-block-image size-full is-resized\"><img fetchpriority=\"high\" decoding=\"async\" width=\"639\" height=\"225\" src=\"http:\/\/work.economic-literacy.eu\/wp-content\/uploads\/image-2.png\" alt=\"\" class=\"wp-image-928\" style=\"width:128px;height:45px\" srcset=\"http:\/\/work.economic-literacy.eu\/wp-content\/uploads\/image-2.png 639w, http:\/\/work.economic-literacy.eu\/wp-content\/uploads\/image-2-300x106.png 300w\" sizes=\"(max-width: 639px) 100vw, 639px\" \/><\/figure>\n\n\n\n<p>Niniejszy tekst zosta\u0142 opublikowany na warunkach licencji Creative Commons: CC BY-SA 2.0. Imi\u0119 i nazwisko autora jest nast\u0119puj\u0105ce: CC BY-SA 2.0, Autor: Sven-David Pfau, \u017ar\u00f3d\u0142o finansowania: Program Unii Europejskiej Erasmus+ na rzecz Edukacji Doros\u0142ych. Tekst i materia\u0142y mog\u0105 by\u0107 powielane, rozpowszechniane, udost\u0119pniane publicznie, udost\u0119pniane i adaptowane pod nast\u0119puj\u0105cymi warunkami: W ka\u017cdym przypadku nale\u017cy opublikowa\u0107 nazwisko autora, licencj\u0119 oraz adres strony internetowej oryginalnego \u017ar\u00f3d\u0142a.<\/p>\n\n\n\n<p><em>Wsparcie Komisji Europejskiej dla powstania niniejszej publikacji nie stanowi aprobaty dla jej tre\u015bci, kt\u00f3ra odzwierciedla jedynie pogl\u0105dy autor\u00f3w, a Komisja Europejska nie ponosi odpowiedzialno\u015bci za jakiekolwiek wykorzystanie informacji w niej zawartych.<\/em><\/p>\n","protected":false},"excerpt":{"rendered":"<p>\u0179r\u00f3d\u0142a zdj\u0119\u0107: Christine Roy na Unsplash Po\u0142udnie \u015bwiata nie dorobi\u0142o si\u0119 maj\u0105tku ze wzgl\u0119du na swoj\u0105 pomys\u0142owo\u015b\u0107 i w\u0142o\u017cony wysi\u0142ek, lecz rozwin\u0119\u0142o si\u0119 dzi\u0119ki pracy i zasobom Po\u0142udnia.\u00a0 Dorastaj\u0105c w Niemczech, jednym z najbogatszych kraj\u00f3w na Ziemi, zyska\u0142em przekonanie, \u017ce sukces gospodarczy Europy \u015arodkowej dokona\u0142 si\u0119 ca\u0142kowicie we w\u0142asnym zakresie. To nie tak, \u017ce nie &hellip;<\/p>\n<p class=\"read-more\"> <a class=\"\" href=\"http:\/\/work.economic-literacy.eu\/pl\/development-aid-for-the-rich-how-the-global-south-continues-to-develop-the-north\/\"> <span class=\"screen-reader-text\">Pomoc w rozwoju bogatych? Jak po\u0142udnie \u015bwiata nadal pomaga rozwija\u0107 si\u0119 p\u00f3\u0142nocy<\/span> Read More &raquo;<\/a><\/p>\n","protected":false},"author":1,"featured_media":1258,"parent":0,"menu_order":0,"comment_status":"closed","ping_status":"closed","template":"","meta":{"site-sidebar-layout":"default","site-content-layout":"","ast-site-content-layout":"","site-content-style":"default","site-sidebar-style":"default","ast-global-header-display":"","ast-banner-title-visibility":"","ast-main-header-display":"","ast-hfb-above-header-display":"","ast-hfb-below-header-display":"","ast-hfb-mobile-header-display":"","site-post-title":"","ast-breadcrumbs-content":"","ast-featured-img":"","footer-sml-layout":"","theme-transparent-header-meta":"","adv-header-id-meta":"","stick-header-meta":"","header-above-stick-meta":"","header-main-stick-meta":"","header-below-stick-meta":"","astra-migrate-meta-layouts":"set","ast-page-background-enabled":"default","ast-page-background-meta":{"desktop":{"background-color":"","background-image":"","background-repeat":"repeat","background-position":"center center","background-size":"auto","background-attachment":"scroll","background-type":"","background-media":"","overlay-type":"","overlay-color":"","overlay-gradient":""},"tablet":{"background-color":"","background-image":"","background-repeat":"repeat","background-position":"center center","background-size":"auto","background-attachment":"scroll","background-type":"","background-media":"","overlay-type":"","overlay-color":"","overlay-gradient":""},"mobile":{"background-color":"","background-image":"","background-repeat":"repeat","background-position":"center center","background-size":"auto","background-attachment":"scroll","background-type":"","background-media":"","overlay-type":"","overlay-color":"","overlay-gradient":""}},"ast-content-background-meta":{"desktop":{"background-color":"var(--ast-global-color-5)","background-image":"","background-repeat":"repeat","background-position":"center center","background-size":"auto","background-attachment":"scroll","background-type":"","background-media":"","overlay-type":"","overlay-color":"","overlay-gradient":""},"tablet":{"background-color":"var(--ast-global-color-5)","background-image":"","background-repeat":"repeat","background-position":"center center","background-size":"auto","background-attachment":"scroll","background-type":"","background-media":"","overlay-type":"","overlay-color":"","overlay-gradient":""},"mobile":{"background-color":"var(--ast-global-color-5)","background-image":"","background-repeat":"repeat","background-position":"center center","background-size":"auto","background-attachment":"scroll","background-type":"","background-media":"","overlay-type":"","overlay-color":"","overlay-gradient":""}},"footnotes":""},"class_list":["post-2070","page","type-page","status-publish","has-post-thumbnail","hentry"],"_links":{"self":[{"href":"http:\/\/work.economic-literacy.eu\/pl\/wp-json\/wp\/v2\/pages\/2070","targetHints":{"allow":["GET"]}}],"collection":[{"href":"http:\/\/work.economic-literacy.eu\/pl\/wp-json\/wp\/v2\/pages"}],"about":[{"href":"http:\/\/work.economic-literacy.eu\/pl\/wp-json\/wp\/v2\/types\/page"}],"author":[{"embeddable":true,"href":"http:\/\/work.economic-literacy.eu\/pl\/wp-json\/wp\/v2\/users\/1"}],"replies":[{"embeddable":true,"href":"http:\/\/work.economic-literacy.eu\/pl\/wp-json\/wp\/v2\/comments?post=2070"}],"version-history":[{"count":2,"href":"http:\/\/work.economic-literacy.eu\/pl\/wp-json\/wp\/v2\/pages\/2070\/revisions"}],"predecessor-version":[{"id":2075,"href":"http:\/\/work.economic-literacy.eu\/pl\/wp-json\/wp\/v2\/pages\/2070\/revisions\/2075"}],"wp:featuredmedia":[{"embeddable":true,"href":"http:\/\/work.economic-literacy.eu\/pl\/wp-json\/wp\/v2\/media\/1258"}],"wp:attachment":[{"href":"http:\/\/work.economic-literacy.eu\/pl\/wp-json\/wp\/v2\/media?parent=2070"}],"curies":[{"name":"wp","href":"https:\/\/api.w.org\/{rel}","templated":true}]}}