{"id":1937,"date":"2023-02-24T23:57:23","date_gmt":"2023-02-24T22:57:23","guid":{"rendered":"http:\/\/work.economic-literacy.eu\/is-europe-deindustrializing\/"},"modified":"2024-03-14T08:38:06","modified_gmt":"2024-03-14T07:38:06","slug":"is-europe-deindustrializing","status":"publish","type":"page","link":"http:\/\/work.economic-literacy.eu\/de\/is-europe-deindustrializing\/","title":{"rendered":"Deindustrialisiert sich Europa?"},"content":{"rendered":"\n<p><em>Der Diskurs \u00fcber die Deindustrialisierung Deutschlands und Europas ist in letzter Zeit wieder aufgekommen. Energieknappheit und steigende Energiekosten sind f\u00fcr viele Industrieunternehmen ein Problem. Wir haben im Jahr 2022 eine Konkurswelle erlebt. Dar\u00fcber hinaus hat die Regierung der USA den Inflation Reduction Act verabschiedet, der gigantische Subventionen f\u00fcr Unternehmen umfasst, die gr\u00fcne Technologien entwickeln, und die technologische Souver\u00e4nit\u00e4t der USA sichert (insgesamt 369 Mrd. Dollar). Europ\u00e4ische Unternehmen bef\u00fcrchten, ihre Produktion in die USA oder nach Asien verlagern zu m\u00fcssen, um Energie- oder Arbeitskosten zu sparen. Sind Industriearbeitspl\u00e4tze in Europa in Gefahr?\u00a0\u00a0<\/em><\/p>\n\n\n\n<p><strong>Die Angst vor Deindustrialisierung<\/strong> zeigt, dass Europa die Industrie als Quelle seines wirtschaftlichen Erfolgs und Wohlstands anerkannt hat. Das war nicht immer so. In den 1990er und teilweise Anfang der 2000er Jahre galt der Dienstleistungssektor weithin als vielversprechender in Bezug auf die Schaffung neuer Arbeitspl\u00e4tze und Innovation. Wir leben in einer wissensbasierten Wirtschaft, und es wurde angenommen, dass Wissen zum Wachstum innovativer Dienstleistungen f\u00fchrt, w\u00e4hrend Industriearbeitspl\u00e4tze mit repetitiven Aufgaben und zunehmender Automatisierung in Verbindung gebracht wurden. In der Zwischenzeit haben Studien herausgefunden, dass Innovation oft an der Schnittstelle zwischen Produktion und Dienstleistungen stattfindet. Dar\u00fcber hinaus ist ein florierender Dienstleistungssektor oft ein Begleiter und Helfer der Industrie, sei es der inl\u00e4ndischen oder der ausl\u00e4ndischen.&nbsp;<\/p>\n\n\n\n<p><strong>In dieser Bl\u00fctezeit der Globalisierung &#8211; in den 1990er und fr\u00fchen 2000er Jahren &#8211; bef\u00fcrchteten einige Akteure jedoch eine Deindustrialisierung Deutschlands oder Europas. <\/strong>Die traditionellen europ\u00e4ischen Industrieunternehmen verlagerten ihre Produktionsst\u00e4tten entweder nach Asien oder nach Osteuropa und gef\u00e4hrdeten damit die klassischen Industriearbeitspl\u00e4tze, die relativ gut entlohnt und von den Gewerkschaften gesch\u00fctzt wurden. Es stellte sich jedoch heraus, dass die Deindustrialisierung nicht stattfand, weder damals noch sp\u00e4ter. Die Industrieunternehmen behielten wichtige Arbeitspl\u00e4tze in Europa, und die Tatsache, dass sie ihre Produktionsst\u00e4tten im Ausland hatten, erm\u00f6glichte es ihnen, Kosten zu senken, was zu ihrem Erfolg beitrug. Klassische deutsche oder europ\u00e4ische Industrieunternehmen wie die BASF, die vor kurzem angek\u00fcndigt hat, einen Teil ihrer Produktion aufgrund der Energiekrise auszulagern, wurden zu multinationalen, globalisierten Unternehmen.<\/p>\n\n\n\n<p><strong>Findet heutzutage eine Deindustrialisierung statt?<\/strong> Die aktuelle Energiekrise muss ernst genommen werden, ebenso wie der zunehmende technologische Wettbewerb zwischen den USA und China und seine Folgen. Die EU will in diesem Prozess nicht nur Zuschauer sein, sondern investiert massiv in ihre wirtschaftliche Erholung und die Aufrechterhaltung der industriellen Produktion. Zu diesem Zweck muss sie sich in ihrer Wirtschaftsverfassung neu erfinden. Der Wettbewerb sollte im Mittelpunkt der EU-Architektur stehen, nicht eine marktverzerrende Industriepolitik. Angesichts der aktuellen Herausforderungen scheint jedoch die wirtschaftliche Effizienz weniger wichtig zu sein als das technologische und industrielle \u00dcberleben. Wir wissen nicht, welche Folgen diese Prozesse f\u00fcr den EU-Arbeitsmarkt haben werden, insbesondere f\u00fcr den Industriearbeitsmarkt. Es ist jedoch ein wichtiger Moment f\u00fcr Arbeitnehmerrechtsaktivisten, ihre Stimme zu erheben und ihre Vision in den politischen Prozess sowohl in der EU als auch auf der Ebene der Mitgliedstaaten einzubringen.<\/p>\n\n\n\n<p><strong>Autorin:<\/strong> Dr. Ewa Dabrowska, weltgewandt e.V., Berlin<\/p>\n\n\n\n<figure class=\"wp-block-image is-resized\"><img fetchpriority=\"high\" decoding=\"async\" width=\"639\" height=\"225\" src=\"http:\/\/work.economic-literacy.eu\/wp-content\/uploads\/CC-OER-2.png\" alt=\"\" class=\"wp-image-860\" style=\"width:159px;height:56px\" srcset=\"http:\/\/work.economic-literacy.eu\/wp-content\/uploads\/CC-OER-2.png 639w, http:\/\/work.economic-literacy.eu\/wp-content\/uploads\/CC-OER-2-300x106.png 300w\" sizes=\"(max-width: 639px) 100vw, 639px\" \/><\/figure>\n\n\n\n<p>Dieser Text ist unter der Creative Commons Lizenz CC BY-SA 2.0 ver\u00f6ffentlicht. Der Name des Autors lautet wie folgt: CC BY-SA 2.0, Autorin: Dr. Ewa Dabrowska, Finanzierungsquelle: Erasmus+ Programm f\u00fcr Erwachsenenbildung der Europ\u00e4ischen Union. Die Texte und Materialien d\u00fcrfen unter folgenden Bedingungen vervielf\u00e4ltigt, verbreitet, \u00f6ffentlich zug\u00e4nglich gemacht, geteilt und angepasst werden: In jedem Fall sind der Name des Autors, die Lizenz sowie die Adresse der Originalquelle auf der Website zu ver\u00f6ffentlichen.<\/p>\n\n\n\n<p><em>Die Unterst\u00fctzung der Europ\u00e4ischen Kommission f\u00fcr die Erstellung dieser Ver\u00f6ffentlichung stellt keine Billigung des Inhalts dar, der nur die Ansichten der Autoren widerspiegelt, und die Kommission kann nicht f\u00fcr die Verwendung der darin enthaltenen Informationen verantwortlich gemacht werden.<\/em><\/p>\n","protected":false},"excerpt":{"rendered":"<p>Der Diskurs \u00fcber die Deindustrialisierung Deutschlands und Europas ist in letzter Zeit wieder aufgekommen. Energieknappheit und steigende Energiekosten sind f\u00fcr viele Industrieunternehmen ein Problem. Wir haben im Jahr 2022 eine Konkurswelle erlebt. Dar\u00fcber hinaus hat die Regierung der USA den Inflation Reduction Act verabschiedet, der gigantische Subventionen f\u00fcr Unternehmen umfasst, die gr\u00fcne Technologien entwickeln, und &hellip;<\/p>\n<p class=\"read-more\"> <a class=\"\" href=\"http:\/\/work.economic-literacy.eu\/de\/is-europe-deindustrializing\/\"> <span class=\"screen-reader-text\">Deindustrialisiert sich Europa?<\/span> Weiterlesen &raquo;<\/a><\/p>\n","protected":false},"author":1,"featured_media":1940,"parent":0,"menu_order":0,"comment_status":"closed","ping_status":"closed","template":"","meta":{"site-sidebar-layout":"default","site-content-layout":"","ast-site-content-layout":"","site-content-style":"default","site-sidebar-style":"default","ast-global-header-display":"","ast-banner-title-visibility":"","ast-main-header-display":"","ast-hfb-above-header-display":"","ast-hfb-below-header-display":"","ast-hfb-mobile-header-display":"","site-post-title":"","ast-breadcrumbs-content":"","ast-featured-img":"","footer-sml-layout":"","theme-transparent-header-meta":"","adv-header-id-meta":"","stick-header-meta":"","header-above-stick-meta":"","header-main-stick-meta":"","header-below-stick-meta":"","astra-migrate-meta-layouts":"set","ast-page-background-enabled":"default","ast-page-background-meta":{"desktop":{"background-color":"","background-image":"","background-repeat":"repeat","background-position":"center center","background-size":"auto","background-attachment":"scroll","background-type":"","background-media":"","overlay-type":"","overlay-color":"","overlay-gradient":""},"tablet":{"background-color":"","background-image":"","background-repeat":"repeat","background-position":"center center","background-size":"auto","background-attachment":"scroll","background-type":"","background-media":"","overlay-type":"","overlay-color":"","overlay-gradient":""},"mobile":{"background-color":"","background-image":"","background-repeat":"repeat","background-position":"center center","background-size":"auto","background-attachment":"scroll","background-type":"","background-media":"","overlay-type":"","overlay-color":"","overlay-gradient":""}},"ast-content-background-meta":{"desktop":{"background-color":"var(--ast-global-color-5)","background-image":"","background-repeat":"repeat","background-position":"center center","background-size":"auto","background-attachment":"scroll","background-type":"","background-media":"","overlay-type":"","overlay-color":"","overlay-gradient":""},"tablet":{"background-color":"var(--ast-global-color-5)","background-image":"","background-repeat":"repeat","background-position":"center center","background-size":"auto","background-attachment":"scroll","background-type":"","background-media":"","overlay-type":"","overlay-color":"","overlay-gradient":""},"mobile":{"background-color":"var(--ast-global-color-5)","background-image":"","background-repeat":"repeat","background-position":"center center","background-size":"auto","background-attachment":"scroll","background-type":"","background-media":"","overlay-type":"","overlay-color":"","overlay-gradient":""}},"footnotes":""},"class_list":["post-1937","page","type-page","status-publish","has-post-thumbnail","hentry"],"_links":{"self":[{"href":"http:\/\/work.economic-literacy.eu\/de\/wp-json\/wp\/v2\/pages\/1937","targetHints":{"allow":["GET"]}}],"collection":[{"href":"http:\/\/work.economic-literacy.eu\/de\/wp-json\/wp\/v2\/pages"}],"about":[{"href":"http:\/\/work.economic-literacy.eu\/de\/wp-json\/wp\/v2\/types\/page"}],"author":[{"embeddable":true,"href":"http:\/\/work.economic-literacy.eu\/de\/wp-json\/wp\/v2\/users\/1"}],"replies":[{"embeddable":true,"href":"http:\/\/work.economic-literacy.eu\/de\/wp-json\/wp\/v2\/comments?post=1937"}],"version-history":[{"count":3,"href":"http:\/\/work.economic-literacy.eu\/de\/wp-json\/wp\/v2\/pages\/1937\/revisions"}],"predecessor-version":[{"id":1999,"href":"http:\/\/work.economic-literacy.eu\/de\/wp-json\/wp\/v2\/pages\/1937\/revisions\/1999"}],"wp:featuredmedia":[{"embeddable":true,"href":"http:\/\/work.economic-literacy.eu\/de\/wp-json\/wp\/v2\/media\/1940"}],"wp:attachment":[{"href":"http:\/\/work.economic-literacy.eu\/de\/wp-json\/wp\/v2\/media?parent=1937"}],"curies":[{"name":"wp","href":"https:\/\/api.w.org\/{rel}","templated":true}]}}