{"id":1921,"date":"2023-06-06T10:09:34","date_gmt":"2023-06-06T08:09:34","guid":{"rendered":"http:\/\/work.economic-literacy.eu\/the-digital-footprint-and-the-limits-to-growth-part-2-digital-sufficiency\/"},"modified":"2024-03-14T08:38:54","modified_gmt":"2024-03-14T07:38:54","slug":"the-digital-footprint-and-the-limits-to-growth-part-2-digital-sufficiency","status":"publish","type":"page","link":"http:\/\/work.economic-literacy.eu\/de\/the-digital-footprint-and-the-limits-to-growth-part-2-digital-sufficiency\/","title":{"rendered":"Der digitale Fu\u00dfabdruck und die Grenzen des Wachstums Teil 2: Digitale Suffizienz"},"content":{"rendered":"\n<p><em>Auch im digitalen Raum gilt: Nachhaltigkeit hei\u00dft vor allem zu wissen, wann\u2019s genug ist.\u00a0<\/em><\/p>\n\n\n\n<p>Im ersten Teil der Serie \u00fcber den digitalen Fu\u00dfabdruck und die Grenzen des Wachstums habe ich mich darauf konzentriert, wie \u00f6kologisch nachhaltig die Digitalisierung ist, je nachdem, wie sie den Energieverbrauch beeinflusst. Ich habe Zweifel ge\u00e4u\u00dfert, ob die Digitalisierung die erhofften Anstrengungen des gr\u00fcnen Wachstums retten wird, und kam zu dem Schluss, dass die Digitalisierung nicht von allein gr\u00fcn wird, sondern politische Lenkung erfordert. Solche proaktiven Strategien, die sicherstellen, dass die Digitalisierung zu nachhaltigeren Wirtschaftsweisen f\u00fchrt, k\u00f6nnen ganz unterschiedlichen Ans\u00e4tzen folgen. In diesem Beitrag m\u00f6chte ich Sie kurz mit der Strategie der digitalen Suffizienz vertraut machen.<\/p>\n\n\n\n<p>Generell k\u00f6nnen Nachhaltigkeitsstrategien in Effizienz, Konsistenz und Suffizienz unterteilt werden. Um ihre Unterschiede zu verdeutlichen, stellen Sie sich vor, Sie m\u00f6chten die \u00f6kologischen Auswirkungen eines Transportsystems mit 100 fossil betriebenen Autos verringern. Wenn Sie eine Effizienzstrategie verfolgen, k\u00f6nnten Sie daran denken, alle 100 Autos durch effizientere Elektroautos zu ersetzen. Pro Auto verringern sich die \u00f6kologischen Auswirkungen. Bei einem konsistenten Ansatz m\u00f6chten Sie au\u00dferdem sicherstellen, dass der Strom f\u00fcr diese Elektrofahrzeuge konsequent erneuerbar ist. M\u00f6glicherweise m\u00f6chten Sie sogar kompostierbare Sitze im Innenraum haben, um den Kreislauf sicherzustellen. Aus der Perspektive der Suffizienz k\u00f6nnten Sie dann sagen: Alle diese Ver\u00e4nderungen sind zwar vern\u00fcnftig, aber das Problem ist, dass wir immer noch insgesamt 100 Autos auf der Stra\u00dfe haben, die insgesamt sehr viel Energie und Material ben\u00f6tigen, sodass die Effizienz- und Konsistenzgewinne wom\u00f6glich nicht ausreichen, um die absoluten \u00f6kologischen Ziele zu erreichen. Bei Suffizienz geht es darum, &#8222;wie viel genug ist&#8220; und sie thematisiert den Umfang wirtschaftlicher Aktivit\u00e4t. Das wird oft missverstanden als Appell an individuelle Verhaltens\u00e4nderungen und Verzicht. Aber Suffizienz m\u00f6chte eher ganze Systeme so gestalten, dass wir Bed\u00fcrfnisse effizienter, das hei\u00dft mit weniger Produkten und Konsum befriedigen k\u00f6nnen, um Abh\u00e4ngigkeiten zu reduzieren und \u00fcberm\u00e4\u00dfigen Konsum zu vermeiden. Um in diesem Beispiel zu bleiben: Suffizienzstrategien k\u00f6nnten die Ausweitung des \u00f6ffentlichen Verkehrs oder die Umgestaltung von Stadtvierteln sein, um dadurch die t\u00e4gliche Abh\u00e4ngigkeit vom Auto zu verringern. Suffizienz adressiert somit direkt die Wurzel der \u00f6kologischen Auswirkungen, n\u00e4mlich den Umfang der Nachfrage. Um es deutlich zu sagen: Jedes nicht produzierte Produkt spart 100% der Auswirkungen dieses Produkts, w\u00e4hrend Effizienzverbesserungen nur einen kleineren Prozentsatz dieser Auswirkungen senken. Deshalb ist Suffizienz aber politisch sehr viel h\u00e4rter anzugehen. \u00dcbertragen wir die Idee der Suffizienz nun auf den Prozess der Digitalisierung. Um Ihnen einige Anregungen zu geben, fasse ich haupts\u00e4chlich Forschungen von Santarius und anderen [1] zusammen, die diese Idee vorangetrieben haben. Digitale Suffizienz beschreibt <em>&#8222;jede Strategie, die darauf abzielt, den absoluten Ressourcen- und Energiebedarf aus der Produktion oder Anwendung von ICT direkt oder indirekt zu verringern&#8220;<\/em> [1, S. 4]. Wir k\u00f6nnen uns digitale Suffizienz in vier Bereichen der Digitalisierung vorstellen, die jeweils mit unterschiedlichen politischen Ma\u00dfnahmen und Potenzialen einhergehen k\u00f6nnen.&nbsp;<\/p>\n\n\n\n<p>1.) Hardware-Suffizienz zielt auf weniger und langlebige Hardware-Ger\u00e4te wie Smartphones oder Laptops ab und reduziert so die \u00f6kologischen Auswirkungen \u00fcber den gesamten Lebenszyklus hinweg. Dies kann durch die Festlegung nachhaltiger Designprinzipien in der Produktion, die Einf\u00fchrung eines &#8222;Rechts auf Reparatur&#8220; oder das Implementieren von Leasingger\u00e4ten anstelle des Neukaufs erreicht werden.<\/p>\n\n\n\n<p>2.) Software-Suffizienz bedeutet, die notwendige Datenverwendung von Anwendungen zu reduzieren und die ben\u00f6tigte Hardwarekapazit\u00e4t zu verringern. Dies betrifft haupts\u00e4chlich Entwicklung und Cloud-Betreiber. Politiken k\u00f6nnten z.B. die Kennzeichnung von energieeffizienter Software einschlie\u00dfen.<\/p>\n\n\n\n<p>3.) Benutzer-Suffizienz zielt darauf ab, ICT nachhaltiger zu nutzen und sie so einzusetzen, dass sie uns bei der praktischen Umsetzung nachhaltiger Lebensweisen unterst\u00fctzt. Ma\u00dfnahmen umfassen Aufkl\u00e4rungsprogramme zur Nutzung digitaler Werkzeuge, aber auch die Begrenzung des Umfangs von Online-Werbung, die nachhaltige Lebensstile f\u00f6rdert.<\/p>\n\n\n\n<p>4.) Wirtschaftliche Suffizienz ist eine eher indirekte und die komplexeste Form der digitalen Suffizienz und zielt darauf ab, ICT zu nutzen, um die Wirtschaft als Ganzes nachhaltig zu transformieren. Eine der Hauptherausforderungen besteht darin, die durch die Digitalisierung gewonnenen Produktivit\u00e4tsgewinne in verk\u00fcrzte Arbeitszeiten umzuleiten, anstatt die Produktion zu erweitern. Dies erfordert Ma\u00dfnahmen zur Verk\u00fcrzung und Verteilung der Arbeitszeiten.<\/p>\n\n\n\n<p>All diese Punkte sind hoch umstritten und komplex. Die Haupterkenntnis ist, dass digitale Suffizienz eine Denkweise ist, die uns daran erinnert, nicht in die Falle zu tappen, uns allein auf die Effizienz digitaler Werkzeuge zu verlassen, um alle unsere Herausforderungen zu l\u00f6sen. Sie verankert uns in der Realit\u00e4t und provoziert eine gesellschaftliche Debatte \u00fcber die Rolle der Digitalisierung bei der F\u00f6rderung nachhaltiger Lebensweisen.<br><br><strong>Quellen:&nbsp;<\/strong><\/p>\n\n\n\n<p>[1] Santarius, T., Bieser, J.C.T., Frick, V. <em>et al.<\/em> Digital sufficiency: conceptual considerations for ICTs on a finite planet. <em>Ann. Telecommun.<\/em> (2022). <a href=\"https:\/\/doi.org\/10.1007\/s12243-022-00914-x\">https:\/\/doi.org\/10.1007\/s12243-022-00914-x<\/a>&nbsp;<\/p>\n\n\n\n<p><strong>Bildrechte: <\/strong><a href=\"https:\/\/foto.wuestenigel.com\/smartphone-addiction-or-nomophobia\/\">Smartphone addiction or nomophobia<\/a> by <a href=\"https:\/\/linktr.ee\/wuestenigel\">Marco Verch<\/a> under <a href=\"https:\/\/creativecommons.org\/licenses\/by\/2.0\/\">Creative Commons 2.0<\/a><\/p>\n\n\n\n<p><strong>Autor:<\/strong> Sven-David Pfau, Wirtschaftsuniversit\u00e4t Wien&nbsp;<\/p>\n\n\n\n<figure class=\"wp-block-image\"><img decoding=\"async\" src=\"https:\/\/lh7-us.googleusercontent.com\/mx8EvMWI0g1CVPmBgJSi8GYddyVaqqGGtHA-Frr_00uo7Cil5LurEVg8JW4dmUKTaVxRRyEw4SSXrknFuD15qMi-dwS3wZDKcAp6Srm0XBrEGkxLzkzgIB1xE_KvGgkVP7YBJZZ443Rr\" alt=\"Ein Bild, das Symbol, Grafiken, Schrift, Kreis enth\u00e4lt.\n\nAutomatisch generierte Beschreibung\"\/><\/figure>\n\n\n\n<p>Dieser Text wird gem\u00e4\u00df den Bestimmungen der Creative Commons-Lizenz ver\u00f6ffentlicht: CC BY-SA 2.0. Der Name des Autors lautet wie folgt: Sven-David Pfau. Der Text und die Materialien d\u00fcrfen unter folgenden Bedingungen reproduziert, verteilt, \u00f6ffentlich zug\u00e4nglich gemacht, geteilt und angepasst werden: In jedem Fall muss der Name des Autors, die Lizenz sowie die Website-Adresse der Originalquelle ver\u00f6ffentlicht werden.<br><em>Von der Europ\u00e4ischen Union finanziert im Programm Erasmus+. Die ge\u00e4u\u00dferten Ansichten und Meinungen entsprechen jedoch ausschlie\u00dflich denen des Autors bzw. der Autoren und spiegeln nicht zwingend die der Europ\u00e4ischen Union oder der Nationalagentur wider. Weder die Europ\u00e4ische Union noch die&nbsp; Nationalagentur k\u00f6nnen daf\u00fcr verantwortlich gemacht werden<\/em>.<\/p>\n\n\n\n<p><\/p>\n","protected":false},"excerpt":{"rendered":"<p>Auch im digitalen Raum gilt: Nachhaltigkeit hei\u00dft vor allem zu wissen, wann\u2019s genug ist.\u00a0 Im ersten Teil der Serie \u00fcber den digitalen Fu\u00dfabdruck und die Grenzen des Wachstums habe ich mich darauf konzentriert, wie \u00f6kologisch nachhaltig die Digitalisierung ist, je nachdem, wie sie den Energieverbrauch beeinflusst. Ich habe Zweifel ge\u00e4u\u00dfert, ob die Digitalisierung die erhofften &hellip;<\/p>\n<p class=\"read-more\"> <a class=\"\" href=\"http:\/\/work.economic-literacy.eu\/de\/the-digital-footprint-and-the-limits-to-growth-part-2-digital-sufficiency\/\"> <span class=\"screen-reader-text\">Der digitale Fu\u00dfabdruck und die Grenzen des Wachstums Teil 2: Digitale Suffizienz<\/span> Weiterlesen &raquo;<\/a><\/p>\n","protected":false},"author":1,"featured_media":1925,"parent":0,"menu_order":0,"comment_status":"closed","ping_status":"closed","template":"","meta":{"site-sidebar-layout":"default","site-content-layout":"","ast-site-content-layout":"","site-content-style":"default","site-sidebar-style":"default","ast-global-header-display":"","ast-banner-title-visibility":"","ast-main-header-display":"","ast-hfb-above-header-display":"","ast-hfb-below-header-display":"","ast-hfb-mobile-header-display":"","site-post-title":"","ast-breadcrumbs-content":"","ast-featured-img":"","footer-sml-layout":"","theme-transparent-header-meta":"","adv-header-id-meta":"","stick-header-meta":"","header-above-stick-meta":"","header-main-stick-meta":"","header-below-stick-meta":"","astra-migrate-meta-layouts":"set","ast-page-background-enabled":"default","ast-page-background-meta":{"desktop":{"background-color":"","background-image":"","background-repeat":"repeat","background-position":"center center","background-size":"auto","background-attachment":"scroll","background-type":"","background-media":"","overlay-type":"","overlay-color":"","overlay-gradient":""},"tablet":{"background-color":"","background-image":"","background-repeat":"repeat","background-position":"center center","background-size":"auto","background-attachment":"scroll","background-type":"","background-media":"","overlay-type":"","overlay-color":"","overlay-gradient":""},"mobile":{"background-color":"","background-image":"","background-repeat":"repeat","background-position":"center center","background-size":"auto","background-attachment":"scroll","background-type":"","background-media":"","overlay-type":"","overlay-color":"","overlay-gradient":""}},"ast-content-background-meta":{"desktop":{"background-color":"var(--ast-global-color-5)","background-image":"","background-repeat":"repeat","background-position":"center center","background-size":"auto","background-attachment":"scroll","background-type":"","background-media":"","overlay-type":"","overlay-color":"","overlay-gradient":""},"tablet":{"background-color":"var(--ast-global-color-5)","background-image":"","background-repeat":"repeat","background-position":"center center","background-size":"auto","background-attachment":"scroll","background-type":"","background-media":"","overlay-type":"","overlay-color":"","overlay-gradient":""},"mobile":{"background-color":"var(--ast-global-color-5)","background-image":"","background-repeat":"repeat","background-position":"center center","background-size":"auto","background-attachment":"scroll","background-type":"","background-media":"","overlay-type":"","overlay-color":"","overlay-gradient":""}},"footnotes":""},"class_list":["post-1921","page","type-page","status-publish","has-post-thumbnail","hentry"],"_links":{"self":[{"href":"http:\/\/work.economic-literacy.eu\/de\/wp-json\/wp\/v2\/pages\/1921","targetHints":{"allow":["GET"]}}],"collection":[{"href":"http:\/\/work.economic-literacy.eu\/de\/wp-json\/wp\/v2\/pages"}],"about":[{"href":"http:\/\/work.economic-literacy.eu\/de\/wp-json\/wp\/v2\/types\/page"}],"author":[{"embeddable":true,"href":"http:\/\/work.economic-literacy.eu\/de\/wp-json\/wp\/v2\/users\/1"}],"replies":[{"embeddable":true,"href":"http:\/\/work.economic-literacy.eu\/de\/wp-json\/wp\/v2\/comments?post=1921"}],"version-history":[{"count":3,"href":"http:\/\/work.economic-literacy.eu\/de\/wp-json\/wp\/v2\/pages\/1921\/revisions"}],"predecessor-version":[{"id":2001,"href":"http:\/\/work.economic-literacy.eu\/de\/wp-json\/wp\/v2\/pages\/1921\/revisions\/2001"}],"wp:featuredmedia":[{"embeddable":true,"href":"http:\/\/work.economic-literacy.eu\/de\/wp-json\/wp\/v2\/media\/1925"}],"wp:attachment":[{"href":"http:\/\/work.economic-literacy.eu\/de\/wp-json\/wp\/v2\/media?parent=1921"}],"curies":[{"name":"wp","href":"https:\/\/api.w.org\/{rel}","templated":true}]}}