{"id":2037,"date":"2023-09-19T12:56:30","date_gmt":"2023-09-19T10:56:30","guid":{"rendered":"http:\/\/work.economic-literacy.eu\/career-guidance-in-a-nutshell\/"},"modified":"2024-03-16T18:08:13","modified_gmt":"2024-03-16T17:08:13","slug":"career-guidance-in-a-nutshell","status":"publish","type":"page","link":"http:\/\/work.economic-literacy.eu\/cs\/career-guidance-in-a-nutshell\/","title":{"rendered":"Kari\u00e9rn\u00ed poradenstv\u00ed v kostce"},"content":{"rendered":"\n<p>Hledali jste n\u011bkdy pomoc kari\u00e9rn\u00edho poradce nebo poradkyn\u011b? V\u00edte, co vlastn\u011b d\u011bl\u00e1 kari\u00e9rov\u00fd poradce? Jak v\u00e1m m\u016f\u017ee pomoci p\u0159i volb\u011b povol\u00e1n\u00ed a p\u0159i jeho zm\u011bn\u011b? S jak\u00fdmi teoriemi pracuj\u00ed kari\u00e9rov\u00ed pr\u016fvodci, kte\u0159\u00ed v\u00e1s prov\u00e1zej\u00ed na va\u0161\u00ed cest\u011b?<\/p>\n\n\n\n<p><strong>Pochopen\u00ed role kari\u00e9rov\u00e9ho pr\u016fvodce<\/strong><\/p>\n\n\n\n<p>Co vlastn\u011b znamen\u00e1 pojem &#8222;kari\u00e9rov\u00e9 poradenstv\u00ed&#8220;? Kdy\u017e hovo\u0159\u00edme o kari\u00e9rov\u00e9 podpo\u0159e, pou\u017e\u00edv\u00e1me r\u016fzn\u00e9 pojmy, nap\u0159. &#8222;kari\u00e9rov\u00e9 poradenstv\u00ed&#8220;, &#8222;kari\u00e9rov\u00fd rozvoj&#8220;, &#8222;profesn\u00ed poradenstv\u00ed&#8220;, &#8222;profesn\u00ed orientace&#8220;, &#8222;kari\u00e9rov\u00e9 informace a poradenstv\u00ed&#8220;. Tyto pojmy se vztahuj\u00ed k r\u016fznorod\u00fdm \u010dinnostem, kter\u00e9 jsou nab\u00edzeny na pomoc lidem v jejich kari\u00e9\u0159e, a lze je zahrnout do jednoho pojmu s n\u00e1zvem &#8222;kari\u00e9rov\u00e9 poradenstv\u00ed a poradenstv\u00ed&#8220;.&nbsp;<\/p>\n\n\n\n<p><strong>Slu\u017eby kari\u00e9rov\u00e9ho poradenstv\u00ed<\/strong><\/p>\n\n\n\n<p>Kari\u00e9rov\u00fd poradce m\u016f\u017ee nab\u00edzet \u0161irokou \u0161k\u00e1lu podpory nebo se specializovat na ur\u010ditou oblast. Nejb\u011b\u017en\u011bj\u0161\u00ed slu\u017eby zahrnuj\u00ed poskytov\u00e1n\u00ed kari\u00e9rov\u00fdch informac\u00ed, hodnocen\u00ed dovednost\u00ed, rozvoj dovednost\u00ed v oblasti \u0159\u00edzen\u00ed kari\u00e9ry, osobn\u00ed poradenstv\u00ed nebo kou\u010dov\u00e1n\u00ed. Kari\u00e9rov\u00e9 poradenstv\u00ed m\u016f\u017ee b\u00fdt p\u0159\u00ednosn\u00e9 zejm\u00e9na tehdy, kdy\u017e se nach\u00e1z\u00edte na k\u0159i\u017eovatce sv\u00e9 kari\u00e9ry, kdy\u017e proch\u00e1z\u00edte kari\u00e9rn\u00ed zm\u011bnou nebo kari\u00e9rn\u00edm posunem, kdy\u017e za\u010d\u00edn\u00e1te kari\u00e9ru v nov\u00e9 zemi nebo kdy\u017e chcete kari\u00e9rn\u011b r\u016fst. Kari\u00e9rov\u00e9 poradenstv\u00ed je poskytov\u00e1no v r\u016fzn\u00fdch za\u0159\u00edzen\u00edch, jako jsou \u00fa\u0159ady pr\u00e1ce, \u0161koly, nevl\u00e1dn\u00ed organizace, \u0161kolic\u00ed st\u0159ediska atd. nebo jednotlivci.<\/p>\n\n\n\n<p><strong>V\u00fdhody kari\u00e9rov\u00e9ho poradenstv\u00ed<\/strong><\/p>\n\n\n\n<p>Kari\u00e9rov\u00e9 poradenstv\u00ed m\u016f\u017ee p\u0159in\u00e9st \u0159adu v\u00fdhod jak mlad\u00fdm lidem, kte\u0159\u00ed se na svou kari\u00e9ru p\u0159ipravuj\u00ed, tak i t\u011bm, kte\u0159\u00ed ji\u017e maj\u00ed mnoho zku\u0161enost\u00ed, nebo t\u011bm, kte\u0159\u00ed jsou na trhu pr\u00e1ce v nev\u00fdhodn\u00e9m postaven\u00ed. Mezi tyto p\u0159\u00ednosy pat\u0159\u00ed nap\u0159:<\/p>\n\n\n\n<ul class=\"wp-block-list\">\n<li>zv\u00fd\u0161en\u00ed pov\u011bdom\u00ed o r\u016fzn\u00fdch mo\u017enostech kari\u00e9ry<\/li>\n\n\n\n<li>pochopen\u00ed po\u017eadavk\u016f na r\u016fzn\u00e9 kari\u00e9rn\u00ed cesty<\/li>\n\n\n\n<li>z\u00edsk\u00e1n\u00ed dovednost\u00ed a kompetenc\u00ed pot\u0159ebn\u00fdch pro ur\u010dit\u00e1 povol\u00e1n\u00ed<\/li>\n\n\n\n<li>zv\u00fd\u0161en\u00ed motivace, zlep\u0161en\u00ed pracovn\u00edch n\u00e1vyk\u016f, ov\u011b\u0159en\u00ed dovednost\u00ed<\/li>\n\n\n\n<li>orientace ve vlastn\u00ed kari\u00e9\u0159e a jej\u00ed pochopen\u00ed<\/li>\n<\/ul>\n\n\n\n<p><strong>Pro z\u00e1jemce o v\u00edce informac\u00ed<\/strong><\/p>\n\n\n\n<p>Pokud si p\u0159ejete prostudovat podrobn\u011bj\u0161\u00ed informace o r\u016fzn\u00fdch kari\u00e9rov\u00fdch modelech, metod\u00e1ch, p\u0159\u00edstupech a teori\u00edch, m\u016f\u017eete se bl\u00ed\u017ee sezn\u00e1mit s t\u011bmito teoriemi:<\/p>\n\n\n\n<ol class=\"wp-block-list\">\n<li><strong>Ran\u00e9 teorie (po\u010d\u00ednaje po\u010d\u00e1tkem 20. stolet\u00ed)<\/strong> se zam\u011b\u0159ovaly p\u0159edev\u0161\u00edm na obsah, na individu\u00e1ln\u00ed faktory, kter\u00e9 formuj\u00ed jedince (osobn\u00ed vlastnosti, schopnosti, z\u00e1jmy, hodnoty atd.). Tyto teorie vn\u00edmaly kari\u00e9rov\u00e9 rozhodov\u00e1n\u00ed jako jedin\u00fd statick\u00fd akt (p\u0159edstavitel\u00e9: Parsons, Holland, Bordin, Brown aj.).<\/li>\n\n\n\n<li><strong>Od pades\u00e1t\u00fdch let 20. stolet\u00ed<\/strong> byla v\u011bt\u0161\u00ed pozornost v\u011bnov\u00e1na procesn\u011b orientovan\u00fdm faktor\u016fm. Nov\u011b vznikl\u00e9 teorie za\u010daly ch\u00e1pat kari\u00e9rn\u00ed v\u00fdvoj jako dynamick\u00fd proces zahrnuj\u00edc\u00ed \u0159adu rozhodnut\u00ed (z\u00e1stupci: Ginzberg, Super, Gottfredson, Miller-Tiedeman a Tiedeman).<\/li>\n\n\n\n<li><strong>Syntetick\u00fd p\u0159\u00edstup<\/strong> p\u0159in\u00e1\u0161\u00ed teorie, kter\u00e9 pracuj\u00ed jak s obsahem, tak s procesem. N\u00e1sleduj\u00edc\u00ed teorie pracuj\u00ed s kontextem a zm\u011bnou (Krumboltz, soci\u00e1ln\u011b kognitivn\u00ed teorie kari\u00e9ry neboli SCCT, teorie kognitivn\u00edho zpracov\u00e1n\u00ed informac\u00ed neboli CIP a kontextualizovan\u00fd p\u0159\u00edstup).<\/li>\n\n\n\n<li>V\u00fdznamn\u00fd p\u0159\u00edsp\u011bvek k pochopen\u00ed kari\u00e9rov\u00e9ho v\u00fdvoje v existuj\u00edc\u00edch soci\u00e1ln\u00edch podm\u00ednk\u00e1ch p\u0159in\u00e1\u0161\u00ed <strong>konstruktivistick\u00e1 perspektiva<\/strong> (Savickas, Peavy). Inspirovat se m\u016f\u017eeme tak\u00e9 systemick\u00fdm p\u0159\u00edstupem (systemick\u00e9 kou\u010dov\u00e1n\u00ed) a p\u0159\u00edstupy zalo\u017een\u00fdmi na siln\u00fdch str\u00e1nk\u00e1ch.<\/li>\n<\/ol>\n\n\n\n<p>Inspiraci m\u016f\u017eete \u010derpat tak\u00e9 z n\u00ed\u017ee uveden\u00e9 literatury.<\/p>\n\n\n\n<p><strong>Odkazy:&nbsp;<\/strong><\/p>\n\n\n\n<p>OECD. Investing in career guidance. 2019. Dostupn\u00e9 z: https:\/\/www.oecd.org\/education\/career-readiness\/Investing%20in%20Career%20Guidance_en.pdf<\/p>\n\n\n\n<p>PEAVY, V. Sociodynamic counselling. A constructivist perspective. DZS pro Centrum Euroguidance, Praha 2013. ISBN 978-80-87335-55-0<\/p>\n\n\n\n<p>AMUNDSON, N. E. Active Engagement: the \u201cbeing\u201c and \u201cdoing\u201c of career counselling. Ed. 3. Ergon Communications, Canada 2009. ISBN 978-0-9684345-8-1<\/p>\n\n\n\n<p>PATTON, W., MCMAHON M. Career Development and Systems Theory. Connecting Theory and Practice. Second Edition. Sense Publishers, Rotterdam 2006. ISBN 90-77874-13-5<\/p>\n\n\n\n<p>HOLAHAN, C. J. et al. Coping, stress resistance, and growth: Conceptualizing adaptive functioning. In: Handbook of coping: Theory, research, applications. New York: John Wiley &amp; Sons, Inc., 1996.<\/p>\n\n\n\n<p>Photo by Mockup Graphics on Unsplash <a href=\"https:\/\/unsplash.com\/de\/fotos\/QOpX1O-Mcew\">https:\/\/unsplash.com\/de\/fotos\/QOpX1O-Mcew<\/a><\/p>\n\n\n\n<p><strong>Autor:<\/strong> Team AVITEUM, Prague \/ Czech Republic<\/p>\n\n\n\n<figure class=\"wp-block-image size-full is-resized\"><img fetchpriority=\"high\" decoding=\"async\" width=\"639\" height=\"225\" src=\"http:\/\/work.economic-literacy.eu\/wp-content\/uploads\/image-2.png\" alt=\"\" class=\"wp-image-928\" style=\"width:168px;height:59px\" srcset=\"http:\/\/work.economic-literacy.eu\/wp-content\/uploads\/image-2.png 639w, http:\/\/work.economic-literacy.eu\/wp-content\/uploads\/image-2-300x106.png 300w\" sizes=\"(max-width: 639px) 100vw, 639px\" \/><\/figure>\n\n\n\n<p>This text is published under the terms of the Creative Commons License: CC BY-SA 2.0. The name of the author shall be as follows: CC BY-SA 2.0, Author: Team AVITEUM, funding source: Erasmus+ Programme for Adult Education of the European Union. The text and materials may be reproduced, distributed, made publicly available, shared and adapted under the following conditions: In any case shall the name of the author, the license as well as the website\u2019s address of the original source be published.<\/p>\n\n\n\n<p><em>Podpora Evropsk\u00e9 komise p\u0159i tvorb\u011b t\u00e9to publikace nep\u0159edstavuje souhlas s jej\u00edm obsahem, kter\u00fd odr\u00e1\u017e\u00ed pouze n\u00e1zory autor\u016f, a Komise nem\u016f\u017ee b\u00fdt \u010din\u011bna odpov\u011bdnou za jak\u00e9koli pou\u017eit\u00ed informac\u00ed v n\u00ed obsa\u017een\u00fdch.<\/em><\/p>\n","protected":false},"excerpt":{"rendered":"<p>Hledali jste n\u011bkdy pomoc kari\u00e9rn\u00edho poradce nebo poradkyn\u011b? V\u00edte, co vlastn\u011b d\u011bl\u00e1 kari\u00e9rov\u00fd poradce? Jak v\u00e1m m\u016f\u017ee pomoci p\u0159i volb\u011b povol\u00e1n\u00ed a p\u0159i jeho zm\u011bn\u011b? S jak\u00fdmi teoriemi pracuj\u00ed kari\u00e9rov\u00ed pr\u016fvodci, kte\u0159\u00ed v\u00e1s prov\u00e1zej\u00ed na va\u0161\u00ed cest\u011b? Pochopen\u00ed role kari\u00e9rov\u00e9ho pr\u016fvodce Co vlastn\u011b znamen\u00e1 pojem &#8222;kari\u00e9rov\u00e9 poradenstv\u00ed&#8220;? Kdy\u017e hovo\u0159\u00edme o kari\u00e9rov\u00e9 podpo\u0159e, pou\u017e\u00edv\u00e1me r\u016fzn\u00e9 pojmy, &hellip;<\/p>\n<p class=\"read-more\"> <a class=\"\" href=\"http:\/\/work.economic-literacy.eu\/cs\/career-guidance-in-a-nutshell\/\"> <span class=\"screen-reader-text\">Kari\u00e9rn\u00ed poradenstv\u00ed v kostce<\/span> Pokra\u010dovat ve \u010dten\u00ed &raquo;<\/a><\/p>\n","protected":false},"author":1,"featured_media":1272,"parent":0,"menu_order":0,"comment_status":"closed","ping_status":"closed","template":"","meta":{"site-sidebar-layout":"default","site-content-layout":"","ast-site-content-layout":"default","site-content-style":"default","site-sidebar-style":"default","ast-global-header-display":"","ast-banner-title-visibility":"","ast-main-header-display":"","ast-hfb-above-header-display":"","ast-hfb-below-header-display":"","ast-hfb-mobile-header-display":"","site-post-title":"","ast-breadcrumbs-content":"","ast-featured-img":"","footer-sml-layout":"","theme-transparent-header-meta":"","adv-header-id-meta":"","stick-header-meta":"","header-above-stick-meta":"","header-main-stick-meta":"","header-below-stick-meta":"","astra-migrate-meta-layouts":"set","ast-page-background-enabled":"default","ast-page-background-meta":{"desktop":{"background-color":"","background-image":"","background-repeat":"repeat","background-position":"center center","background-size":"auto","background-attachment":"scroll","background-type":"","background-media":"","overlay-type":"","overlay-color":"","overlay-gradient":""},"tablet":{"background-color":"","background-image":"","background-repeat":"repeat","background-position":"center center","background-size":"auto","background-attachment":"scroll","background-type":"","background-media":"","overlay-type":"","overlay-color":"","overlay-gradient":""},"mobile":{"background-color":"","background-image":"","background-repeat":"repeat","background-position":"center center","background-size":"auto","background-attachment":"scroll","background-type":"","background-media":"","overlay-type":"","overlay-color":"","overlay-gradient":""}},"ast-content-background-meta":{"desktop":{"background-color":"var(--ast-global-color-5)","background-image":"","background-repeat":"repeat","background-position":"center center","background-size":"auto","background-attachment":"scroll","background-type":"","background-media":"","overlay-type":"","overlay-color":"","overlay-gradient":""},"tablet":{"background-color":"var(--ast-global-color-5)","background-image":"","background-repeat":"repeat","background-position":"center center","background-size":"auto","background-attachment":"scroll","background-type":"","background-media":"","overlay-type":"","overlay-color":"","overlay-gradient":""},"mobile":{"background-color":"var(--ast-global-color-5)","background-image":"","background-repeat":"repeat","background-position":"center center","background-size":"auto","background-attachment":"scroll","background-type":"","background-media":"","overlay-type":"","overlay-color":"","overlay-gradient":""}},"footnotes":""},"class_list":["post-2037","page","type-page","status-publish","has-post-thumbnail","hentry"],"_links":{"self":[{"href":"http:\/\/work.economic-literacy.eu\/cs\/wp-json\/wp\/v2\/pages\/2037","targetHints":{"allow":["GET"]}}],"collection":[{"href":"http:\/\/work.economic-literacy.eu\/cs\/wp-json\/wp\/v2\/pages"}],"about":[{"href":"http:\/\/work.economic-literacy.eu\/cs\/wp-json\/wp\/v2\/types\/page"}],"author":[{"embeddable":true,"href":"http:\/\/work.economic-literacy.eu\/cs\/wp-json\/wp\/v2\/users\/1"}],"replies":[{"embeddable":true,"href":"http:\/\/work.economic-literacy.eu\/cs\/wp-json\/wp\/v2\/comments?post=2037"}],"version-history":[{"count":2,"href":"http:\/\/work.economic-literacy.eu\/cs\/wp-json\/wp\/v2\/pages\/2037\/revisions"}],"predecessor-version":[{"id":2042,"href":"http:\/\/work.economic-literacy.eu\/cs\/wp-json\/wp\/v2\/pages\/2037\/revisions\/2042"}],"wp:featuredmedia":[{"embeddable":true,"href":"http:\/\/work.economic-literacy.eu\/cs\/wp-json\/wp\/v2\/media\/1272"}],"wp:attachment":[{"href":"http:\/\/work.economic-literacy.eu\/cs\/wp-json\/wp\/v2\/media?parent=2037"}],"curies":[{"name":"wp","href":"https:\/\/api.w.org\/{rel}","templated":true}]}}